{"id":4654,"date":"2018-06-04T14:58:09","date_gmt":"2018-06-04T13:58:09","guid":{"rendered":"https:\/\/sanden.wpengine.com\/our-products\/unicla\/"},"modified":"2019-02-25T13:39:12","modified_gmt":"2019-02-25T13:39:12","slug":"unicla","status":"publish","type":"page","link":"https:\/\/sandenaftermarket.com\/tr\/our-products\/unicla\/","title":{"rendered":"Unicla"},"content":{"rendered":"","protected":false},"excerpt":{"rendered":"","protected":false},"author":3,"featured_media":0,"parent":4599,"menu_order":0,"comment_status":"closed","ping_status":"closed","template":"php\/product-group.php","meta":{"_acf_changed":false,"footnotes":""},"class_list":["post-4654","page","type-page","status-publish","hentry"],"acf":{"hero_image":1627,"section_title":"","section_body":"<p>Lider otomotiv kompres\u00f6r\u00fc \u00fcreticileri olan Sanden International ve Unicla International, h\u0131zla geni\u015fleyen bir toplu yol ta\u015f\u0131mac\u0131l\u0131\u011f\u0131 sekt\u00f6r\u00fcn\u00fcn ve di\u011fer a\u011f\u0131r hizmet pazarlar\u0131n\u0131n gereksinimlerini kar\u015f\u0131lamak \u00fczere stratejik bir ittifak i\u00e7in anla\u015fma yapm\u0131\u015flard\u0131r.<\/p>\n<p><strong>Yenilik\u00e7i K\u00fcresel Kampanya<\/strong><\/p>\n<p>Sanden&#8217;in kapsaml\u0131 da\u011f\u0131t\u0131m a\u011f\u0131ndan yararlanarak daha g\u00fc\u00e7l\u00fc kompres\u00f6rlere ili\u015fkin gereksinimi kar\u015f\u0131lamak i\u00e7in, Sanden ve Unicla taraf\u0131ndan yenilik\u00e7i k\u00fcresel bir kampanya ba\u015flat\u0131lm\u0131\u015ft\u0131r.<\/p>\n<p><strong>\u00a0<\/strong><\/p>\n<p><strong>Ortak Markal\u0131 Portf\u00f6y<\/strong><\/p>\n<p>Sanden ve Unicla, 200cc&#8217;den 675cc&#8217;ye kadar geni\u015f bir kompres\u00f6r modelleri serisinin yer ald\u0131\u011f\u0131 ortak markal\u0131 bir portf\u00f6y\u00fc pazara sundular.\u00a0Otob\u00fcs ve uzun yol yolcu otob\u00fcs\u00fc i\u00e7in geli\u015ftirilen UX380, hafif g\u00fc\u00e7 merkezi ve d\u00fcnyan\u0131n en b\u00fcy\u00fck kapasiteli e\u011fik plakal\u0131 kompres\u00f6r\u00fc olan UWX660, anahtar modeller olacakt\u0131r.<\/p>\n<p><strong>\u00a0<\/strong><\/p>\n<p><strong>Y\u00fcksek Performans<\/strong><\/p>\n<p>B\u00fcy\u00fck kapasiteli Sanden\/Unicla kompres\u00f6rlerinin, hem a\u011f\u0131r hem de zorlu ortamlarda performans ve dayan\u0131kl\u0131l\u0131k konusunda m\u00fc\u015fteri beklentilerini a\u015ft\u0131klar\u0131 uzun y\u0131llard\u0131r kan\u0131tlanm\u0131\u015ft\u0131r.<\/p>\n","product_types":[{"product_title":"200 Series","product_models":false},{"product_title":"300 Series","product_models":false},{"product_title":"UWX Series","product_models":[{"model_title":"400 Series"},{"model_title":"500 Series"},{"model_title":"600 Series"}]}],"section_intro":"<p>Ayn\u0131 sekt\u00f6rde \u00fcretim yapan Unicla ile yak\u0131n zamanda kurulan bir ittifakla g\u00fc\u00e7lenen Sanden, a\u011f\u0131r hizmete uygun daha b\u00fcy\u00fck kapasiteli bir kompres\u00f6r portf\u00f6y\u00fcn\u00fc ortak marka alt\u0131nda olarak pazara sunmu\u015ftur.<\/p>\n","product_image":3531,"section_strapline":"","product_document":4704},"yoast_head":"<!-- This site is optimized with the Yoast SEO plugin v27.4 - https:\/\/yoast.com\/product\/yoast-seo-wordpress\/ -->\n<title>Sanden - Unicla<\/title>\n<meta name=\"robots\" content=\"index, follow, max-snippet:-1, max-image-preview:large, max-video-preview:-1\" \/>\n<link rel=\"canonical\" href=\"https:\/\/sandenaftermarket.com\/tr\/our-products\/unicla\/\" \/>\n<meta property=\"og:locale\" content=\"tr_TR\" \/>\n<meta property=\"og:type\" content=\"article\" \/>\n<meta property=\"og:title\" content=\"Sanden - Unicla\" \/>\n<meta property=\"og:url\" content=\"https:\/\/sandenaftermarket.com\/tr\/our-products\/unicla\/\" \/>\n<meta property=\"og:site_name\" content=\"Sanden\" \/>\n<meta property=\"article:modified_time\" content=\"2019-02-25T13:39:12+00:00\" \/>\n<meta name=\"twitter:card\" content=\"summary_large_image\" \/>\n<!-- \/ Yoast SEO plugin. -->","yoast_head_json":{"title":"Sanden - Unicla","robots":{"index":"index","follow":"follow","max-snippet":"max-snippet:-1","max-image-preview":"max-image-preview:large","max-video-preview":"max-video-preview:-1"},"canonical":"https:\/\/sandenaftermarket.com\/tr\/our-products\/unicla\/","og_locale":"tr_TR","og_type":"article","og_title":"Sanden - Unicla","og_url":"https:\/\/sandenaftermarket.com\/tr\/our-products\/unicla\/","og_site_name":"Sanden","article_modified_time":"2019-02-25T13:39:12+00:00","twitter_card":"summary_large_image","schema":{"@context":"https:\/\/schema.org","@graph":[{"@type":"WebPage","@id":"https:\/\/sandenaftermarket.com\/tr\/our-products\/unicla\/","url":"https:\/\/sandenaftermarket.com\/tr\/our-products\/unicla\/","name":"Sanden - Unicla","isPartOf":{"@id":"https:\/\/sandenaftermarket.com\/#website"},"datePublished":"2018-06-04T13:58:09+00:00","dateModified":"2019-02-25T13:39:12+00:00","breadcrumb":{"@id":"https:\/\/sandenaftermarket.com\/tr\/our-products\/unicla\/#breadcrumb"},"inLanguage":"tr","potentialAction":[{"@type":"ReadAction","target":["https:\/\/sandenaftermarket.com\/tr\/our-products\/unicla\/"]}]},{"@type":"BreadcrumbList","@id":"https:\/\/sandenaftermarket.com\/tr\/our-products\/unicla\/#breadcrumb","itemListElement":[{"@type":"ListItem","position":1,"name":"Home","item":"https:\/\/sandenaftermarket.com\/tr\/"},{"@type":"ListItem","position":2,"name":"\u00dcr\u00fcnlerimiz","item":"https:\/\/sandenaftermarket.com\/tr\/our-products\/"},{"@type":"ListItem","position":3,"name":"Unicla"}]},{"@type":"WebSite","@id":"https:\/\/sandenaftermarket.com\/#website","url":"https:\/\/sandenaftermarket.com\/","name":"Sanden","description":"","potentialAction":[{"@type":"SearchAction","target":{"@type":"EntryPoint","urlTemplate":"https:\/\/sandenaftermarket.com\/?s={search_term_string}"},"query-input":{"@type":"PropertyValueSpecification","valueRequired":true,"valueName":"search_term_string"}}],"inLanguage":"tr"}]}},"_links":{"self":[{"href":"https:\/\/sandenaftermarket.com\/tr\/wp-json\/wp\/v2\/pages\/4654","targetHints":{"allow":["GET"]}}],"collection":[{"href":"https:\/\/sandenaftermarket.com\/tr\/wp-json\/wp\/v2\/pages"}],"about":[{"href":"https:\/\/sandenaftermarket.com\/tr\/wp-json\/wp\/v2\/types\/page"}],"author":[{"embeddable":true,"href":"https:\/\/sandenaftermarket.com\/tr\/wp-json\/wp\/v2\/users\/3"}],"replies":[{"embeddable":true,"href":"https:\/\/sandenaftermarket.com\/tr\/wp-json\/wp\/v2\/comments?post=4654"}],"version-history":[{"count":0,"href":"https:\/\/sandenaftermarket.com\/tr\/wp-json\/wp\/v2\/pages\/4654\/revisions"}],"up":[{"embeddable":true,"href":"https:\/\/sandenaftermarket.com\/tr\/wp-json\/wp\/v2\/pages\/4599"}],"wp:attachment":[{"href":"https:\/\/sandenaftermarket.com\/tr\/wp-json\/wp\/v2\/media?parent=4654"}],"curies":[{"name":"wp","href":"https:\/\/api.w.org\/{rel}","templated":true}]}}