{"id":4599,"date":"2018-05-14T11:41:21","date_gmt":"2018-05-14T10:41:21","guid":{"rendered":"https:\/\/sanden.wpengine.com\/our-products\/"},"modified":"2019-02-13T13:15:57","modified_gmt":"2019-02-13T13:15:57","slug":"our-products","status":"publish","type":"page","link":"https:\/\/sandenaftermarket.com\/tr\/our-products\/","title":{"rendered":"\u00dcr\u00fcnlerimiz"},"content":{"rendered":"","protected":false},"excerpt":{"rendered":"","protected":false},"author":3,"featured_media":0,"parent":0,"menu_order":0,"comment_status":"closed","ping_status":"closed","template":"php\/our-products.php","meta":{"_acf_changed":false,"footnotes":""},"class_list":["post-4599","page","type-page","status-publish","hentry"],"acf":{"hero_image":1340,"section_title":"Sanden, \u00f6nemli OEM m\u00fc\u015fterilerine orijinal ve y\u00fcksek kaliteli kompres\u00f6rler ve Sat\u0131\u015f Sonras\u0131 \u00dcr\u00fcn ve Hizmetler alan\u0131nda kullan\u0131m i\u00e7in orijinal Universal kompres\u00f6rler tedarik eder.","section_body":"","card_builder":[{"card_link":{"ID":4642,"post_author":"3","post_date":"2018-05-31 15:52:08","post_date_gmt":"2018-05-31 14:52:08","post_content":"","post_title":"OEM","post_excerpt":"","post_status":"publish","comment_status":"closed","ping_status":"closed","post_password":"","post_name":"oem","to_ping":"","pinged":"","post_modified":"2019-02-25 13:38:16","post_modified_gmt":"2019-02-25 13:38:16","post_content_filtered":"","post_parent":4599,"guid":"https:\/\/sanden.wpengine.com\/our-products\/oem\/","menu_order":0,"post_type":"page","post_mime_type":"","comment_count":"0","filter":"raw"},"card_excerpt":"\u00d6nemli OEM m\u00fc\u015fterilerine tedarik edilen orijinal, y\u00fcksek kaliteli kompres\u00f6rler. Sanden kompres\u00f6rleri, t\u00fcm d\u00fcnyada 4 binek otomobilinden 1'inde kullan\u0131lmaktad\u0131r."},{"card_link":{"ID":4660,"post_author":"3","post_date":"2018-06-04 14:53:05","post_date_gmt":"2018-06-04 13:53:05","post_content":"","post_title":"Universal","post_excerpt":"","post_status":"publish","comment_status":"closed","ping_status":"closed","post_password":"","post_name":"universal","to_ping":"","pinged":"","post_modified":"2019-07-24 15:18:53","post_modified_gmt":"2019-07-24 14:18:53","post_content_filtered":"","post_parent":4599,"guid":"https:\/\/sanden.wpengine.com\/our-products\/universal\/","menu_order":0,"post_type":"page","post_mime_type":"","comment_count":"0","filter":"raw"},"card_excerpt":"Sat\u0131\u015f Sonras\u0131 \u00dcr\u00fcn ve Hizmetler Pazar\u0131 klima sistemlerinde, sistem entegrasyonunda ve ni\u015f OEM'lerde kullan\u0131m i\u00e7in orijinal universal kompres\u00f6rler."},{"card_link":{"ID":4636,"post_author":"3","post_date":"2018-06-04 14:55:17","post_date_gmt":"2018-06-04 13:55:17","post_content":"","post_title":"A\u011f\u0131r Hizmete Uygun","post_excerpt":"","post_status":"publish","comment_status":"closed","ping_status":"closed","post_password":"","post_name":"heavy-duty","to_ping":"","pinged":"","post_modified":"2019-02-25 13:42:29","post_modified_gmt":"2019-02-25 13:42:29","post_content_filtered":"","post_parent":4599,"guid":"https:\/\/sanden.wpengine.com\/our-products\/heavy-duty\/","menu_order":0,"post_type":"page","post_mime_type":"","comment_count":"0","filter":"raw"},"card_excerpt":"Zorlu ve a\u011f\u0131r ortamlar i\u00e7in, beklentinin en y\u00fcksek oldu\u011fu teknik \u00f6zellikleri bile kar\u015f\u0131layacak \u015fekilde tasarlanan, a\u011f\u0131r hizmete uygun, orijinal kompres\u00f6rler."},{"card_link":{"ID":4630,"post_author":"3","post_date":"2018-06-04 14:56:25","post_date_gmt":"2018-06-04 13:56:25","post_content":"","post_title":"EC Generic","post_excerpt":"","post_status":"publish","comment_status":"closed","ping_status":"closed","post_password":"","post_name":"ec-generic","to_ping":"","pinged":"","post_modified":"2019-02-25 13:37:39","post_modified_gmt":"2019-02-25 13:37:39","post_content_filtered":"","post_parent":4599,"guid":"https:\/\/sanden.wpengine.com\/our-products\/ec-generic\/","menu_order":0,"post_type":"page","post_mime_type":"","comment_count":"0","filter":"raw"},"card_excerpt":"Gelece\u011fin otomobilleri i\u00e7in gelece\u011fin konforu. Ni\u015f hibrit ve tam elektrikli ara\u00e7lar, termal ak\u00fc y\u00f6netimi ve entegre park so\u011futma i\u00e7in elektrikli kompres\u00f6rler."},{"card_link":{"ID":4648,"post_author":"3","post_date":"2018-06-04 14:57:09","post_date_gmt":"2018-06-04 13:57:09","post_content":"","post_title":"Sistem Bile\u015fenleri","post_excerpt":"","post_status":"publish","comment_status":"closed","ping_status":"closed","post_password":"","post_name":"system-components","to_ping":"","pinged":"","post_modified":"2019-07-05 11:32:52","post_modified_gmt":"2019-07-05 10:32:52","post_content_filtered":"","post_parent":4599,"guid":"https:\/\/sanden.wpengine.com\/our-products\/system-components\/","menu_order":0,"post_type":"page","post_mime_type":"","comment_count":"0","filter":"raw"},"card_excerpt":"En son teknolojinin kullan\u0131ld\u0131\u011f\u0131, HVAC \u00fcniteleri, \u0131s\u0131t\u0131c\u0131lar ve y\u00fcksek kaliteli ya\u011flar dahil, y\u00fcksek kaliteli klima sistemi bile\u015fenleri."},{"card_link":{"ID":4654,"post_author":"3","post_date":"2018-06-04 14:58:09","post_date_gmt":"2018-06-04 13:58:09","post_content":"","post_title":"Unicla","post_excerpt":"","post_status":"publish","comment_status":"closed","ping_status":"closed","post_password":"","post_name":"unicla","to_ping":"","pinged":"","post_modified":"2019-02-25 13:39:12","post_modified_gmt":"2019-02-25 13:39:12","post_content_filtered":"","post_parent":4599,"guid":"https:\/\/sanden.wpengine.com\/our-products\/unicla\/","menu_order":0,"post_type":"page","post_mime_type":"","comment_count":"0","filter":"raw"},"card_excerpt":"Ayn\u0131 sekt\u00f6rde \u00fcretim yapan Unicla ile yak\u0131n zamanda kurulan bir ittifakla g\u00fc\u00e7lenen Sanden, a\u011f\u0131r hizmete uygun daha b\u00fcy\u00fck kapasiteli bir kompres\u00f6r portf\u00f6y\u00fcn\u00fc ortak marka alt\u0131nda olarak pazara sunmu\u015ftur"}],"section_intro":"<p>Sanden Sat\u0131\u015f Sonras\u0131 \u00dcr\u00fcn ve Hizmetler birimi, binek otomobilleri, hafif ticari ara\u00e7lar, yol d\u0131\u015f\u0131 alanlarda kullan\u0131lan ara\u00e7lar ve kamyonlar, otob\u00fcsler ve di\u011fer uygulamalar i\u00e7in y\u00fcksek kaliteli, g\u00fcvenilir klima kompres\u00f6rleri tedarik etmektedir. Geni\u015f bir kompres\u00f6r konfig\u00fcrasyonlar\u0131 ve kompresyon teknolojileri serisi, Sanden'i so\u011futma gereksinimleriniz i\u00e7in g\u00fcvenebilece\u011finiz isim yapmaktad\u0131r.<\/p>\n","section_strapline":""},"yoast_head":"<!-- This site is optimized with the Yoast SEO plugin v27.5 - https:\/\/yoast.com\/product\/yoast-seo-wordpress\/ -->\n<title>Sanden - \u00dcr\u00fcnlerimiz<\/title>\n<meta name=\"robots\" content=\"index, follow, max-snippet:-1, max-image-preview:large, max-video-preview:-1\" \/>\n<link rel=\"canonical\" href=\"https:\/\/sandenaftermarket.com\/tr\/our-products\/\" \/>\n<meta property=\"og:locale\" content=\"tr_TR\" \/>\n<meta property=\"og:type\" content=\"article\" \/>\n<meta property=\"og:title\" content=\"Sanden - \u00dcr\u00fcnlerimiz\" \/>\n<meta property=\"og:url\" content=\"https:\/\/sandenaftermarket.com\/tr\/our-products\/\" \/>\n<meta property=\"og:site_name\" content=\"Sanden\" \/>\n<meta property=\"article:modified_time\" content=\"2019-02-13T13:15:57+00:00\" \/>\n<meta name=\"twitter:card\" content=\"summary_large_image\" \/>\n<!-- \/ Yoast SEO plugin. -->","yoast_head_json":{"title":"Sanden - \u00dcr\u00fcnlerimiz","robots":{"index":"index","follow":"follow","max-snippet":"max-snippet:-1","max-image-preview":"max-image-preview:large","max-video-preview":"max-video-preview:-1"},"canonical":"https:\/\/sandenaftermarket.com\/tr\/our-products\/","og_locale":"tr_TR","og_type":"article","og_title":"Sanden - \u00dcr\u00fcnlerimiz","og_url":"https:\/\/sandenaftermarket.com\/tr\/our-products\/","og_site_name":"Sanden","article_modified_time":"2019-02-13T13:15:57+00:00","twitter_card":"summary_large_image","schema":{"@context":"https:\/\/schema.org","@graph":[{"@type":"WebPage","@id":"https:\/\/sandenaftermarket.com\/tr\/our-products\/","url":"https:\/\/sandenaftermarket.com\/tr\/our-products\/","name":"Sanden - \u00dcr\u00fcnlerimiz","isPartOf":{"@id":"https:\/\/sandenaftermarket.com\/#website"},"datePublished":"2018-05-14T10:41:21+00:00","dateModified":"2019-02-13T13:15:57+00:00","breadcrumb":{"@id":"https:\/\/sandenaftermarket.com\/tr\/our-products\/#breadcrumb"},"inLanguage":"tr","potentialAction":[{"@type":"ReadAction","target":["https:\/\/sandenaftermarket.com\/tr\/our-products\/"]}]},{"@type":"BreadcrumbList","@id":"https:\/\/sandenaftermarket.com\/tr\/our-products\/#breadcrumb","itemListElement":[{"@type":"ListItem","position":1,"name":"Home","item":"https:\/\/sandenaftermarket.com\/tr\/"},{"@type":"ListItem","position":2,"name":"\u00dcr\u00fcnlerimiz"}]},{"@type":"WebSite","@id":"https:\/\/sandenaftermarket.com\/#website","url":"https:\/\/sandenaftermarket.com\/","name":"Sanden","description":"","potentialAction":[{"@type":"SearchAction","target":{"@type":"EntryPoint","urlTemplate":"https:\/\/sandenaftermarket.com\/?s={search_term_string}"},"query-input":{"@type":"PropertyValueSpecification","valueRequired":true,"valueName":"search_term_string"}}],"inLanguage":"tr"}]}},"_links":{"self":[{"href":"https:\/\/sandenaftermarket.com\/tr\/wp-json\/wp\/v2\/pages\/4599","targetHints":{"allow":["GET"]}}],"collection":[{"href":"https:\/\/sandenaftermarket.com\/tr\/wp-json\/wp\/v2\/pages"}],"about":[{"href":"https:\/\/sandenaftermarket.com\/tr\/wp-json\/wp\/v2\/types\/page"}],"author":[{"embeddable":true,"href":"https:\/\/sandenaftermarket.com\/tr\/wp-json\/wp\/v2\/users\/3"}],"replies":[{"embeddable":true,"href":"https:\/\/sandenaftermarket.com\/tr\/wp-json\/wp\/v2\/comments?post=4599"}],"version-history":[{"count":0,"href":"https:\/\/sandenaftermarket.com\/tr\/wp-json\/wp\/v2\/pages\/4599\/revisions"}],"wp:attachment":[{"href":"https:\/\/sandenaftermarket.com\/tr\/wp-json\/wp\/v2\/media?parent=4599"}],"curies":[{"name":"wp","href":"https:\/\/api.w.org\/{rel}","templated":true}]}}