{"id":4567,"date":"2018-05-14T11:40:33","date_gmt":"2018-05-14T10:40:33","guid":{"rendered":"https:\/\/sanden.wpengine.com\/contact-us\/"},"modified":"2024-08-05T14:36:51","modified_gmt":"2024-08-05T13:36:51","slug":"contact-us","status":"publish","type":"page","link":"https:\/\/sandenaftermarket.com\/tr\/contact-us\/","title":{"rendered":"Bize Ula\u015f\u0131n"},"content":{"rendered":"","protected":false},"excerpt":{"rendered":"","protected":false},"author":3,"featured_media":1571,"parent":0,"menu_order":0,"comment_status":"closed","ping_status":"closed","template":"php\/contact-us.php","meta":{"_acf_changed":false,"footnotes":""},"class_list":["post-4567","page","type-page","status-publish","has-post-thumbnail","hentry"],"acf":{"hero_image":false,"section_title":"","section_body":"<p>Alternatif olarak, Sanden ile ileti\u015fime ge\u00e7meden <a href=\"https:\/\/sandenaftermarket.com\/tr\/about-sanden\/sanden-faq\/\">\u00f6nce l\u00fctfen SSS sayfam\u0131z\u0131 ziyaret edin<\/a>; burada bir\u00e7ok yayg\u0131n soru ve sorgunun yan\u0131tlar\u0131n\u0131 bulabilirsiniz.<\/p>\n","map_location":{"address":"Sanden International (Europe) Ltd, Hampshire International Business Park, Crockford Lane, Chineham, Basingstoke, UK","lat":"51.2936014","lng":"-1.067336800000021"},"map_zoom":"10","section_intro":"<p>Sanden Sat\u0131\u015f Sonras\u0131 \u00dcr\u00fcn ve Hizmetler Pazar\u0131 ekibinize yorum veya sorular\u0131n\u0131z\u0131 g\u00f6ndermek i\u00e7in l\u00fctfen a\u015fa\u011f\u0131daki formu kullan\u0131n. Bizimle ileti\u015fim kurman\u0131z\u0131 sab\u0131rs\u0131zl\u0131kla bekliyoruz.<\/p>\n","section_strapline":""},"yoast_head":"<!-- This site is optimized with the Yoast SEO plugin v26.7 - https:\/\/yoast.com\/wordpress\/plugins\/seo\/ -->\n<title>Sanden - Bize Ula\u015f\u0131n<\/title>\n<meta name=\"robots\" content=\"index, follow, max-snippet:-1, max-image-preview:large, max-video-preview:-1\" \/>\n<link rel=\"canonical\" href=\"https:\/\/sandenaftermarket.com\/tr\/contact-us\/\" \/>\n<meta property=\"og:locale\" content=\"tr_TR\" \/>\n<meta property=\"og:type\" content=\"article\" \/>\n<meta property=\"og:title\" content=\"Sanden - Bize Ula\u015f\u0131n\" \/>\n<meta property=\"og:url\" content=\"https:\/\/sandenaftermarket.com\/tr\/contact-us\/\" \/>\n<meta property=\"og:site_name\" content=\"Sanden\" \/>\n<meta property=\"article:modified_time\" content=\"2024-08-05T13:36:51+00:00\" \/>\n<meta property=\"og:image\" content=\"https:\/\/sandenaftermarket.com\/wp-content\/uploads\/2018\/10\/070601-Rosewood-external.jpg\" \/>\n\t<meta property=\"og:image:width\" content=\"2581\" \/>\n\t<meta property=\"og:image:height\" content=\"1728\" \/>\n\t<meta property=\"og:image:type\" content=\"image\/jpeg\" \/>\n<meta name=\"twitter:card\" content=\"summary_large_image\" \/>\n<meta name=\"twitter:label1\" content=\"Tahmini okuma s\u00fcresi\" \/>\n\t<meta name=\"twitter:data1\" content=\"1 dakika\" \/>\n<!-- \/ Yoast SEO plugin. -->","yoast_head_json":{"title":"Sanden - Bize Ula\u015f\u0131n","robots":{"index":"index","follow":"follow","max-snippet":"max-snippet:-1","max-image-preview":"max-image-preview:large","max-video-preview":"max-video-preview:-1"},"canonical":"https:\/\/sandenaftermarket.com\/tr\/contact-us\/","og_locale":"tr_TR","og_type":"article","og_title":"Sanden - Bize Ula\u015f\u0131n","og_url":"https:\/\/sandenaftermarket.com\/tr\/contact-us\/","og_site_name":"Sanden","article_modified_time":"2024-08-05T13:36:51+00:00","og_image":[{"width":2581,"height":1728,"url":"https:\/\/sandenaftermarket.com\/wp-content\/uploads\/2018\/10\/070601-Rosewood-external.jpg","type":"image\/jpeg"}],"twitter_card":"summary_large_image","twitter_misc":{"Tahmini okuma s\u00fcresi":"1 dakika"},"schema":{"@context":"https:\/\/schema.org","@graph":[{"@type":"WebPage","@id":"https:\/\/sandenaftermarket.com\/tr\/contact-us\/","url":"https:\/\/sandenaftermarket.com\/tr\/contact-us\/","name":"Sanden - Bize Ula\u015f\u0131n","isPartOf":{"@id":"https:\/\/sandenaftermarket.com\/#website"},"primaryImageOfPage":{"@id":"https:\/\/sandenaftermarket.com\/tr\/contact-us\/#primaryimage"},"image":{"@id":"https:\/\/sandenaftermarket.com\/tr\/contact-us\/#primaryimage"},"thumbnailUrl":"https:\/\/sandenaftermarket.com\/wp-content\/uploads\/2018\/10\/070601-Rosewood-external.jpg","datePublished":"2018-05-14T10:40:33+00:00","dateModified":"2024-08-05T13:36:51+00:00","breadcrumb":{"@id":"https:\/\/sandenaftermarket.com\/tr\/contact-us\/#breadcrumb"},"inLanguage":"tr","potentialAction":[{"@type":"ReadAction","target":["https:\/\/sandenaftermarket.com\/tr\/contact-us\/"]}]},{"@type":"ImageObject","inLanguage":"tr","@id":"https:\/\/sandenaftermarket.com\/tr\/contact-us\/#primaryimage","url":"https:\/\/sandenaftermarket.com\/wp-content\/uploads\/2018\/10\/070601-Rosewood-external.jpg","contentUrl":"https:\/\/sandenaftermarket.com\/wp-content\/uploads\/2018\/10\/070601-Rosewood-external.jpg","width":2581,"height":1728},{"@type":"BreadcrumbList","@id":"https:\/\/sandenaftermarket.com\/tr\/contact-us\/#breadcrumb","itemListElement":[{"@type":"ListItem","position":1,"name":"Home","item":"https:\/\/sandenaftermarket.com\/tr\/"},{"@type":"ListItem","position":2,"name":"Bize Ula\u015f\u0131n"}]},{"@type":"WebSite","@id":"https:\/\/sandenaftermarket.com\/#website","url":"https:\/\/sandenaftermarket.com\/","name":"Sanden","description":"","potentialAction":[{"@type":"SearchAction","target":{"@type":"EntryPoint","urlTemplate":"https:\/\/sandenaftermarket.com\/?s={search_term_string}"},"query-input":{"@type":"PropertyValueSpecification","valueRequired":true,"valueName":"search_term_string"}}],"inLanguage":"tr"}]}},"_links":{"self":[{"href":"https:\/\/sandenaftermarket.com\/tr\/wp-json\/wp\/v2\/pages\/4567","targetHints":{"allow":["GET"]}}],"collection":[{"href":"https:\/\/sandenaftermarket.com\/tr\/wp-json\/wp\/v2\/pages"}],"about":[{"href":"https:\/\/sandenaftermarket.com\/tr\/wp-json\/wp\/v2\/types\/page"}],"author":[{"embeddable":true,"href":"https:\/\/sandenaftermarket.com\/tr\/wp-json\/wp\/v2\/users\/3"}],"replies":[{"embeddable":true,"href":"https:\/\/sandenaftermarket.com\/tr\/wp-json\/wp\/v2\/comments?post=4567"}],"version-history":[{"count":0,"href":"https:\/\/sandenaftermarket.com\/tr\/wp-json\/wp\/v2\/pages\/4567\/revisions"}],"wp:featuredmedia":[{"embeddable":true,"href":"https:\/\/sandenaftermarket.com\/tr\/wp-json\/wp\/v2\/media\/1571"}],"wp:attachment":[{"href":"https:\/\/sandenaftermarket.com\/tr\/wp-json\/wp\/v2\/media?parent=4567"}],"curies":[{"name":"wp","href":"https:\/\/api.w.org\/{rel}","templated":true}]}}