{"id":4764,"date":"2018-05-14T11:40:07","date_gmt":"2018-05-14T10:40:07","guid":{"rendered":"https:\/\/sanden.wpengine.com\/about-sanden\/corporate-social-responsibility\/"},"modified":"2019-07-24T13:29:00","modified_gmt":"2019-07-24T12:29:00","slug":"corporate-social-responsibility","status":"publish","type":"page","link":"https:\/\/sandenaftermarket.com\/pt-pt\/about-sanden\/corporate-social-responsibility\/","title":{"rendered":"Responsabilidade social da empresa"},"content":{"rendered":"","protected":false},"excerpt":{"rendered":"","protected":false},"author":3,"featured_media":0,"parent":4530,"menu_order":0,"comment_status":"closed","ping_status":"closed","template":"php\/content-blocks.php","meta":{"_acf_changed":false,"footnotes":""},"class_list":["post-4764","page","type-page","status-publish","hentry"],"acf":{"hero_image":1372,"section_title":"","section_body":"<p>1990 &#8211; \u00a0 Launch of Fluoron Countermeasures Committee.<\/p>\n<p>EPA Prize for contribution to protecting the ozone layer.<\/p>\n<p>Obtained ISO-14001 certifications for all manufacturing facilities and office facilities.<\/p>\n<p>1995 &#8211; \u00a0 Ozone layer protection award from the Nikkan Kogyo Shimbun Ltd.<\/p>\n<p>Institution of the Sanden Environmental Charter.<\/p>\n<p>2000 &#8211;\u00a0 Zero emissions achieved at all manufacturing plants.<\/p>\n<p>Sanden Forest \/ Akagi Plant begins operating as a symbol of environment consciousness<\/p>\n<p>2005 &#8211;\u00a0 Implementation of environmental activity level evaluations.<\/p>\n<p>Highest ranking for environmental ratings presented by the Development Bank of Japan.<\/p>\n<p>2010 &#8211; \u00a0 Recognised by SEGES as one of the top 100 green companies regarding promotion of plant biodiversity (Sanden Forest).<\/p>\n<p>Eco-Technology Award for Sanden Manufacturing Europe.<\/p>\n<p>2017 &#8211;\u00a0 Sanden exhibition at Eco Products 2014.<\/p>\n<p>Awarded Special Grand Prize for Eco-Design.<\/p>\n","section_strapline":"","section_intro":"A Sanden leva a responsabilidade ambiental e social a s\u00e9rio, envolvendo-se e promovendo atividades ecol\u00f3gicas entre os funcion\u00e1rios em todo o mundo.\r\n","content_blocks":[{"acf_fc_layout":"file_download","file":"https:\/\/sandenaftermarket.com\/wp-content\/uploads\/2019\/05\/2017_CSR_report-1.pdf","file_download_button_label":"Baixe o relat\u00f3rio"},{"acf_fc_layout":"full_width_image","image":false},{"acf_fc_layout":"left_image","image":{"ID":18123,"id":18123,"title":"Success deserves to be celebrated","filename":"iStock-883643918-with-reflection.jpg","filesize":344082,"url":"https:\/\/sandenaftermarket.com\/wp-content\/uploads\/2019\/07\/iStock-883643918-with-reflection.jpg","link":"https:\/\/sandenaftermarket.com\/pt-pt\/about-sanden\/corporate-social-responsibility\/attachment\/success-deserves-to-be-celebrated-2-2\/","alt":"","author":"6","description":"","caption":"Portrait of a group of businesspeople celebrating their success in an office","name":"success-deserves-to-be-celebrated-2-2","status":"inherit","uploaded_to":4764,"date":"2019-07-15 09:14:20","modified":"2019-07-24 12:28:59","menu_order":0,"mime_type":"image\/jpeg","type":"image","subtype":"jpeg","icon":"https:\/\/sandenaftermarket.com\/wp-includes\/images\/media\/default.png","width":972,"height":700,"sizes":{"thumbnail":"https:\/\/sandenaftermarket.com\/wp-content\/uploads\/2019\/07\/iStock-883643918-with-reflection-150x150.jpg","thumbnail-width":150,"thumbnail-height":150,"medium":"https:\/\/sandenaftermarket.com\/wp-content\/uploads\/2019\/07\/iStock-883643918-with-reflection-300x216.jpg","medium-width":300,"medium-height":216,"medium_large":"https:\/\/sandenaftermarket.com\/wp-content\/uploads\/2019\/07\/iStock-883643918-with-reflection-768x553.jpg","medium_large-width":768,"medium_large-height":553,"large":"https:\/\/sandenaftermarket.com\/wp-content\/uploads\/2019\/07\/iStock-883643918-with-reflection.jpg","large-width":972,"large-height":700,"1536x1536":"https:\/\/sandenaftermarket.com\/wp-content\/uploads\/2019\/07\/iStock-883643918-with-reflection.jpg","1536x1536-width":972,"1536x1536-height":700,"2048x2048":"https:\/\/sandenaftermarket.com\/wp-content\/uploads\/2019\/07\/iStock-883643918-with-reflection.jpg","2048x2048-width":972,"2048x2048-height":700}},"text":"<p><strong>O nosso esp\u00edrito fundador<\/strong><\/p>\n<p>Com base no nosso esp\u00edrito fundador de \u2018Let Us Develop with Wisdom and Prosper in Harmony\u2019 (desenvolvamos com sabedoria e prosperemos em harmonia), o Grupo Sanden continua a esfor\u00e7ar-se por promover uma sociedade sustent\u00e1vel, e definiu como \u00e1reas CSR de prioridade as \u2018pessoas\u2019 e o \u2018ambiente\u2019.<\/p>\n<p><strong>Pessoas<\/strong><\/p>\n<p>O Grupo Sanden garantiu que os funcion\u00e1rios recebem f\u00e9rias, hor\u00e1rio de trabalho reduzido, hor\u00e1rio flex\u00edvel e horas extra reduzidas, de forma a promover um maior equil\u00edbrio entre a vida profissional e a vida familiar.<\/p>\n<p><strong>Ambiente<\/strong><\/p>\n<p>O Grupo Sanden aplica quatro estrat\u00e9gias verdes: Tecnologias verdes, gest\u00e3o verde, procedimentos verdes e comunica\u00e7\u00e3o verde. O Grupo Sanden considera a preserva\u00e7\u00e3o do ambiente mundial como a responsabilidade mais importante e partilhada por todas as pessoas no mundo. Em linha com a Carta Ambiental da Sanden, a Sanden desenvolve iniciativas empresariais que funcionam em harmonia com atividades de conserva\u00e7\u00e3o do ambiente em todas as \u00e1reas da sua estrutura corporativa.<\/p>\n"},{"acf_fc_layout":"right_image","image":{"ID":18131,"id":18131,"title":"1000 x 700 graphic 1 with reflection","filename":"1000-x-700-graphic-1-with-reflection.jpg","filesize":393215,"url":"https:\/\/sandenaftermarket.com\/wp-content\/uploads\/2019\/07\/1000-x-700-graphic-1-with-reflection.jpg","link":"https:\/\/sandenaftermarket.com\/pt-pt\/about-sanden\/corporate-social-responsibility\/attachment\/1000-x-700-graphic-1-with-reflection-2\/","alt":"","author":"6","description":"","caption":"","name":"1000-x-700-graphic-1-with-reflection-2","status":"inherit","uploaded_to":4764,"date":"2019-07-15 09:14:27","modified":"2019-07-24 12:28:59","menu_order":0,"mime_type":"image\/jpeg","type":"image","subtype":"jpeg","icon":"https:\/\/sandenaftermarket.com\/wp-includes\/images\/media\/default.png","width":1118,"height":700,"sizes":{"thumbnail":"https:\/\/sandenaftermarket.com\/wp-content\/uploads\/2019\/07\/1000-x-700-graphic-1-with-reflection-150x150.jpg","thumbnail-width":150,"thumbnail-height":150,"medium":"https:\/\/sandenaftermarket.com\/wp-content\/uploads\/2019\/07\/1000-x-700-graphic-1-with-reflection-300x188.jpg","medium-width":300,"medium-height":188,"medium_large":"https:\/\/sandenaftermarket.com\/wp-content\/uploads\/2019\/07\/1000-x-700-graphic-1-with-reflection-768x481.jpg","medium_large-width":768,"medium_large-height":481,"large":"https:\/\/sandenaftermarket.com\/wp-content\/uploads\/2019\/07\/1000-x-700-graphic-1-with-reflection-1024x641.jpg","large-width":1024,"large-height":641,"1536x1536":"https:\/\/sandenaftermarket.com\/wp-content\/uploads\/2019\/07\/1000-x-700-graphic-1-with-reflection.jpg","1536x1536-width":1118,"1536x1536-height":700,"2048x2048":"https:\/\/sandenaftermarket.com\/wp-content\/uploads\/2019\/07\/1000-x-700-graphic-1-with-reflection.jpg","2048x2048-width":1118,"2048x2048-height":700}},"text":"<p><strong>75\u00ba anivers\u00e1rio<\/strong><\/p>\n<p>A Sanden celebrou 75 anos em 2018 e olha com expectativa para os pr\u00f3ximos 75 anos.<\/p>\n<p><strong>Alian\u00e7a estrat\u00e9gica<\/strong><\/p>\n<p>Atualmente, o mercado p\u00f3s-venda da Sanden foi recentemente refor\u00e7ado por uma nova alian\u00e7a com o concorrente cordial e fabricante de compressores Unicla, uma vez que se associaram numa campanha inovadora para providenciar compressores de maior capacidade para o transporte p\u00fablico, refrigera\u00e7\u00e3o, marinha, ind\u00fastria agr\u00edcola e mineira.<\/p>\n"}]},"yoast_head":"<!-- This site is optimized with the Yoast SEO plugin v27.5 - https:\/\/yoast.com\/product\/yoast-seo-wordpress\/ -->\n<title>Sanden - Responsabilidade social da empresa<\/title>\n<meta name=\"robots\" content=\"index, follow, max-snippet:-1, max-image-preview:large, max-video-preview:-1\" \/>\n<link rel=\"canonical\" href=\"https:\/\/sandenaftermarket.com\/pt-pt\/about-sanden\/corporate-social-responsibility\/\" \/>\n<meta property=\"og:locale\" content=\"pt_PT\" \/>\n<meta property=\"og:type\" content=\"article\" \/>\n<meta property=\"og:title\" content=\"Sanden - Responsabilidade social da empresa\" \/>\n<meta property=\"og:url\" content=\"https:\/\/sandenaftermarket.com\/pt-pt\/about-sanden\/corporate-social-responsibility\/\" \/>\n<meta property=\"og:site_name\" content=\"Sanden\" \/>\n<meta property=\"article:modified_time\" content=\"2019-07-24T12:29:00+00:00\" \/>\n<meta name=\"twitter:card\" content=\"summary_large_image\" \/>\n<!-- \/ Yoast SEO plugin. -->","yoast_head_json":{"title":"Sanden - Responsabilidade social da empresa","robots":{"index":"index","follow":"follow","max-snippet":"max-snippet:-1","max-image-preview":"max-image-preview:large","max-video-preview":"max-video-preview:-1"},"canonical":"https:\/\/sandenaftermarket.com\/pt-pt\/about-sanden\/corporate-social-responsibility\/","og_locale":"pt_PT","og_type":"article","og_title":"Sanden - Responsabilidade social da empresa","og_url":"https:\/\/sandenaftermarket.com\/pt-pt\/about-sanden\/corporate-social-responsibility\/","og_site_name":"Sanden","article_modified_time":"2019-07-24T12:29:00+00:00","twitter_card":"summary_large_image","schema":{"@context":"https:\/\/schema.org","@graph":[{"@type":"WebPage","@id":"https:\/\/sandenaftermarket.com\/pt-pt\/about-sanden\/corporate-social-responsibility\/","url":"https:\/\/sandenaftermarket.com\/pt-pt\/about-sanden\/corporate-social-responsibility\/","name":"Sanden - Responsabilidade social da empresa","isPartOf":{"@id":"https:\/\/sandenaftermarket.com\/#website"},"datePublished":"2018-05-14T10:40:07+00:00","dateModified":"2019-07-24T12:29:00+00:00","breadcrumb":{"@id":"https:\/\/sandenaftermarket.com\/pt-pt\/about-sanden\/corporate-social-responsibility\/#breadcrumb"},"inLanguage":"pt-PT","potentialAction":[{"@type":"ReadAction","target":["https:\/\/sandenaftermarket.com\/pt-pt\/about-sanden\/corporate-social-responsibility\/"]}]},{"@type":"BreadcrumbList","@id":"https:\/\/sandenaftermarket.com\/pt-pt\/about-sanden\/corporate-social-responsibility\/#breadcrumb","itemListElement":[{"@type":"ListItem","position":1,"name":"Home","item":"https:\/\/sandenaftermarket.com\/pt-pt\/"},{"@type":"ListItem","position":2,"name":"Sobre a Sanden","item":"https:\/\/sandenaftermarket.com\/pt-pt\/about-sanden\/"},{"@type":"ListItem","position":3,"name":"Responsabilidade social da empresa"}]},{"@type":"WebSite","@id":"https:\/\/sandenaftermarket.com\/#website","url":"https:\/\/sandenaftermarket.com\/","name":"Sanden","description":"","potentialAction":[{"@type":"SearchAction","target":{"@type":"EntryPoint","urlTemplate":"https:\/\/sandenaftermarket.com\/?s={search_term_string}"},"query-input":{"@type":"PropertyValueSpecification","valueRequired":true,"valueName":"search_term_string"}}],"inLanguage":"pt-PT"}]}},"_links":{"self":[{"href":"https:\/\/sandenaftermarket.com\/pt-pt\/wp-json\/wp\/v2\/pages\/4764","targetHints":{"allow":["GET"]}}],"collection":[{"href":"https:\/\/sandenaftermarket.com\/pt-pt\/wp-json\/wp\/v2\/pages"}],"about":[{"href":"https:\/\/sandenaftermarket.com\/pt-pt\/wp-json\/wp\/v2\/types\/page"}],"author":[{"embeddable":true,"href":"https:\/\/sandenaftermarket.com\/pt-pt\/wp-json\/wp\/v2\/users\/3"}],"replies":[{"embeddable":true,"href":"https:\/\/sandenaftermarket.com\/pt-pt\/wp-json\/wp\/v2\/comments?post=4764"}],"version-history":[{"count":0,"href":"https:\/\/sandenaftermarket.com\/pt-pt\/wp-json\/wp\/v2\/pages\/4764\/revisions"}],"up":[{"embeddable":true,"href":"https:\/\/sandenaftermarket.com\/pt-pt\/wp-json\/wp\/v2\/pages\/4530"}],"wp:attachment":[{"href":"https:\/\/sandenaftermarket.com\/pt-pt\/wp-json\/wp\/v2\/media?parent=4764"}],"curies":[{"name":"wp","href":"https:\/\/api.w.org\/{rel}","templated":true}]}}