{"id":4650,"date":"2018-06-04T14:58:09","date_gmt":"2018-06-04T13:58:09","guid":{"rendered":"https:\/\/sanden.wpengine.com\/our-products\/unicla\/"},"modified":"2019-02-25T13:47:24","modified_gmt":"2019-02-25T13:47:24","slug":"unicla","status":"publish","type":"page","link":"https:\/\/sandenaftermarket.com\/pt-pt\/our-products\/unicla\/","title":{"rendered":"Unicla"},"content":{"rendered":"","protected":false},"excerpt":{"rendered":"","protected":false},"author":3,"featured_media":0,"parent":4592,"menu_order":0,"comment_status":"closed","ping_status":"closed","template":"php\/product-group.php","meta":{"_acf_changed":false,"footnotes":""},"class_list":["post-4650","page","type-page","status-publish","hentry"],"acf":{"hero_image":1624,"section_title":"","section_body":"<p class=\"p1\">Liderando os fabricantes de compressores para autom\u00f3veis, a Sanden International e a Unicla International celebraram uma alian\u00e7a estrat\u00e9gica para responder \u00e0s necessidades de um setor de transporte p\u00fablico em r\u00e1pida expans\u00e3o, assim como outros mercados de servi\u00e7os pesados.<\/p>\n<p class=\"p1\"><b>Campanha global inovadora<\/b><\/p>\n<p class=\"p1\">A Sanden e a Unicla lan\u00e7aram uma campanha global de car\u00e1ter inovador para responderem \u00e0 crescente procura de compressores mais potentes, usando a rede de distribui\u00e7\u00e3o alargada da Sanden.<\/p>\n<p class=\"p1\"><b>Portfolio das duas marcas<\/b><\/p>\n<p class=\"p1\">A Sanden e a Unicla lan\u00e7aram um portfolio associado que mostra a ampla variedade de modelos de compressores, entre 200cc e 675cc.<\/p>\n<p class=\"p1\">Os modelos principais ser\u00e3o a central de baixo peso UX380 para autocarros urbanos e de longo curso, e o UWX660, o compressor de pist\u00e3o-aspirante de maior capacidade do mundo.<\/p>\n<p class=\"p1\"><b>Alto desempenho<\/b><\/p>\n<p class=\"p1\">Os compressores de grande capacidade da Sanden\/Unicla t\u00eam demonstrado ao longo de muitos anos que conseguem exceder as expectativas de desempenho e durabilidade em condi\u00e7\u00f5es extremas e severas.<\/p>\n","product_types":[{"product_title":"200 Series","product_models":false},{"product_title":"300 Series","product_models":false},{"product_title":"UWX Series","product_models":[{"model_title":"400 Series"},{"model_title":"500 Series"},{"model_title":"600 Series"}]}],"section_intro":"<p>Fortalecida pela recente alian\u00e7a com o fabricante parceiro Unicla, a Sanden apresentou um portfolio conjunto de compressores para servi\u00e7os pesados.<\/p>\n","product_image":3528,"section_strapline":"","product_document":4701},"yoast_head":"<!-- This site is optimized with the Yoast SEO plugin v27.4 - https:\/\/yoast.com\/product\/yoast-seo-wordpress\/ -->\n<title>Sanden - Unicla<\/title>\n<meta name=\"robots\" content=\"index, follow, max-snippet:-1, max-image-preview:large, max-video-preview:-1\" \/>\n<link rel=\"canonical\" href=\"https:\/\/sandenaftermarket.com\/pt-pt\/our-products\/unicla\/\" \/>\n<meta property=\"og:locale\" content=\"pt_PT\" \/>\n<meta property=\"og:type\" content=\"article\" \/>\n<meta property=\"og:title\" content=\"Sanden - Unicla\" \/>\n<meta property=\"og:url\" content=\"https:\/\/sandenaftermarket.com\/pt-pt\/our-products\/unicla\/\" \/>\n<meta property=\"og:site_name\" content=\"Sanden\" \/>\n<meta property=\"article:modified_time\" content=\"2019-02-25T13:47:24+00:00\" \/>\n<meta name=\"twitter:card\" content=\"summary_large_image\" \/>\n<!-- \/ Yoast SEO plugin. -->","yoast_head_json":{"title":"Sanden - Unicla","robots":{"index":"index","follow":"follow","max-snippet":"max-snippet:-1","max-image-preview":"max-image-preview:large","max-video-preview":"max-video-preview:-1"},"canonical":"https:\/\/sandenaftermarket.com\/pt-pt\/our-products\/unicla\/","og_locale":"pt_PT","og_type":"article","og_title":"Sanden - Unicla","og_url":"https:\/\/sandenaftermarket.com\/pt-pt\/our-products\/unicla\/","og_site_name":"Sanden","article_modified_time":"2019-02-25T13:47:24+00:00","twitter_card":"summary_large_image","schema":{"@context":"https:\/\/schema.org","@graph":[{"@type":"WebPage","@id":"https:\/\/sandenaftermarket.com\/pt-pt\/our-products\/unicla\/","url":"https:\/\/sandenaftermarket.com\/pt-pt\/our-products\/unicla\/","name":"Sanden - Unicla","isPartOf":{"@id":"https:\/\/sandenaftermarket.com\/#website"},"datePublished":"2018-06-04T13:58:09+00:00","dateModified":"2019-02-25T13:47:24+00:00","breadcrumb":{"@id":"https:\/\/sandenaftermarket.com\/pt-pt\/our-products\/unicla\/#breadcrumb"},"inLanguage":"pt-PT","potentialAction":[{"@type":"ReadAction","target":["https:\/\/sandenaftermarket.com\/pt-pt\/our-products\/unicla\/"]}]},{"@type":"BreadcrumbList","@id":"https:\/\/sandenaftermarket.com\/pt-pt\/our-products\/unicla\/#breadcrumb","itemListElement":[{"@type":"ListItem","position":1,"name":"Home","item":"https:\/\/sandenaftermarket.com\/pt-pt\/"},{"@type":"ListItem","position":2,"name":"Os nossos produtos","item":"https:\/\/sandenaftermarket.com\/pt-pt\/our-products\/"},{"@type":"ListItem","position":3,"name":"Unicla"}]},{"@type":"WebSite","@id":"https:\/\/sandenaftermarket.com\/#website","url":"https:\/\/sandenaftermarket.com\/","name":"Sanden","description":"","potentialAction":[{"@type":"SearchAction","target":{"@type":"EntryPoint","urlTemplate":"https:\/\/sandenaftermarket.com\/?s={search_term_string}"},"query-input":{"@type":"PropertyValueSpecification","valueRequired":true,"valueName":"search_term_string"}}],"inLanguage":"pt-PT"}]}},"_links":{"self":[{"href":"https:\/\/sandenaftermarket.com\/pt-pt\/wp-json\/wp\/v2\/pages\/4650","targetHints":{"allow":["GET"]}}],"collection":[{"href":"https:\/\/sandenaftermarket.com\/pt-pt\/wp-json\/wp\/v2\/pages"}],"about":[{"href":"https:\/\/sandenaftermarket.com\/pt-pt\/wp-json\/wp\/v2\/types\/page"}],"author":[{"embeddable":true,"href":"https:\/\/sandenaftermarket.com\/pt-pt\/wp-json\/wp\/v2\/users\/3"}],"replies":[{"embeddable":true,"href":"https:\/\/sandenaftermarket.com\/pt-pt\/wp-json\/wp\/v2\/comments?post=4650"}],"version-history":[{"count":0,"href":"https:\/\/sandenaftermarket.com\/pt-pt\/wp-json\/wp\/v2\/pages\/4650\/revisions"}],"up":[{"embeddable":true,"href":"https:\/\/sandenaftermarket.com\/pt-pt\/wp-json\/wp\/v2\/pages\/4592"}],"wp:attachment":[{"href":"https:\/\/sandenaftermarket.com\/pt-pt\/wp-json\/wp\/v2\/media?parent=4650"}],"curies":[{"name":"wp","href":"https:\/\/api.w.org\/{rel}","templated":true}]}}