{"id":4592,"date":"2018-05-14T11:41:21","date_gmt":"2018-05-14T10:41:21","guid":{"rendered":"https:\/\/sanden.wpengine.com\/our-products\/"},"modified":"2019-02-18T11:48:32","modified_gmt":"2019-02-18T11:48:32","slug":"our-products","status":"publish","type":"page","link":"https:\/\/sandenaftermarket.com\/pt-pt\/our-products\/","title":{"rendered":"Os nossos produtos"},"content":{"rendered":"","protected":false},"excerpt":{"rendered":"","protected":false},"author":3,"featured_media":0,"parent":0,"menu_order":0,"comment_status":"closed","ping_status":"closed","template":"php\/our-products.php","meta":{"_acf_changed":false,"footnotes":""},"class_list":["post-4592","page","type-page","status-publish","hentry"],"acf":{"hero_image":1337,"section_title":"A Sanden fornece compressores originais de alta qualidade para os maiores clientes de OEM, e compressores universais genu\u00ednos para o mercado de p\u00f3s-venda","section_body":"","card_builder":[{"card_link":{"ID":4638,"post_author":"3","post_date":"2018-05-31 15:52:08","post_date_gmt":"2018-05-31 14:52:08","post_content":"","post_title":"OEM","post_excerpt":"","post_status":"publish","comment_status":"closed","ping_status":"closed","post_password":"","post_name":"oem","to_ping":"","pinged":"","post_modified":"2019-02-25 13:44:58","post_modified_gmt":"2019-02-25 13:44:58","post_content_filtered":"","post_parent":4592,"guid":"https:\/\/sanden.wpengine.com\/our-products\/oem\/","menu_order":0,"post_type":"page","post_mime_type":"","comment_count":"0","filter":"raw"},"card_excerpt":"Compressores genu\u00ednos de alta qualidade como fornecido para os maiores clientes OEM. Os compressores Sanden s\u00e3o usados em ve\u00edculos de 1 a 4 passageiros em todo o mundo."},{"card_link":{"ID":4656,"post_author":"3","post_date":"2018-06-04 14:53:05","post_date_gmt":"2018-06-04 13:53:05","post_content":"","post_title":"Universal","post_excerpt":"","post_status":"publish","comment_status":"closed","ping_status":"closed","post_password":"","post_name":"universal","to_ping":"","pinged":"","post_modified":"2019-07-24 15:17:45","post_modified_gmt":"2019-07-24 14:17:45","post_content_filtered":"","post_parent":4592,"guid":"https:\/\/sanden.wpengine.com\/our-products\/universal\/","menu_order":0,"post_type":"page","post_mime_type":"","comment_count":"0","filter":"raw"},"card_excerpt":"Compressores genu\u00ednos universais para utiliza\u00e7\u00e3o no mercado p\u00f3s-venda de sistemas de A\/C, integra\u00e7\u00e3o de sistemas e OEMs espec\u00edficos."},{"card_link":{"ID":4632,"post_author":"3","post_date":"2018-06-04 14:55:17","post_date_gmt":"2018-06-04 13:55:17","post_content":"","post_title":"Servi\u00e7os pesados","post_excerpt":"","post_status":"publish","comment_status":"closed","ping_status":"closed","post_password":"","post_name":"heavy-duty","to_ping":"","pinged":"","post_modified":"2019-02-25 13:48:33","post_modified_gmt":"2019-02-25 13:48:33","post_content_filtered":"","post_parent":4592,"guid":"https:\/\/sanden.wpengine.com\/our-products\/heavy-duty\/","menu_order":0,"post_type":"page","post_mime_type":"","comment_count":"0","filter":"raw"},"card_excerpt":"Compressores genu\u00ednos para servi\u00e7os pesados para ambientes severos e condi\u00e7\u00f5es extremas, que foram desenhados para respeitar as especifica\u00e7\u00f5es mais exigentes."},{"card_link":{"ID":4626,"post_author":"3","post_date":"2018-06-04 14:56:25","post_date_gmt":"2018-06-04 13:56:25","post_content":"","post_title":"EC Generic","post_excerpt":"","post_status":"publish","comment_status":"closed","ping_status":"closed","post_password":"","post_name":"ec-generic","to_ping":"","pinged":"","post_modified":"2019-02-25 13:43:40","post_modified_gmt":"2019-02-25 13:43:40","post_content_filtered":"","post_parent":4592,"guid":"https:\/\/sanden.wpengine.com\/our-products\/ec-generic\/","menu_order":0,"post_type":"page","post_mime_type":"","comment_count":"0","filter":"raw"},"card_excerpt":"Futuro conforto para carros do futuro. Compressores el\u00e9tricos para ve\u00edculos h\u00edbridos e totalmente el\u00e9tricos espec\u00edficos, gest\u00e3o t\u00e9rmica da bateria e refrigera\u00e7\u00e3o estacion\u00e1ria integrada."},{"card_link":{"ID":4644,"post_author":"3","post_date":"2018-06-04 14:57:09","post_date_gmt":"2018-06-04 13:57:09","post_content":"","post_title":"Componentes do sistema","post_excerpt":"","post_status":"publish","comment_status":"closed","ping_status":"closed","post_password":"","post_name":"system-components","to_ping":"","pinged":"","post_modified":"2019-07-05 11:30:55","post_modified_gmt":"2019-07-05 10:30:55","post_content_filtered":"","post_parent":4592,"guid":"https:\/\/sanden.wpengine.com\/our-products\/system-components\/","menu_order":0,"post_type":"page","post_mime_type":"","comment_count":"0","filter":"raw"},"card_excerpt":"Componentes do sistema A\/C de alta qualidade com a mais recente tecnologia, incluindo unidades AVAC, aquecedores e \u00f3leos de alta qualidade."},{"card_link":{"ID":4650,"post_author":"3","post_date":"2018-06-04 14:58:09","post_date_gmt":"2018-06-04 13:58:09","post_content":"","post_title":"Unicla","post_excerpt":"","post_status":"publish","comment_status":"closed","ping_status":"closed","post_password":"","post_name":"unicla","to_ping":"","pinged":"","post_modified":"2019-02-25 13:47:24","post_modified_gmt":"2019-02-25 13:47:24","post_content_filtered":"","post_parent":4592,"guid":"https:\/\/sanden.wpengine.com\/our-products\/unicla\/","menu_order":0,"post_type":"page","post_mime_type":"","comment_count":"0","filter":"raw"},"card_excerpt":"Fortalecida pela recente alian\u00e7a com o fabricante parceiro Unicla, a Sanden apresentou um portfolio conjunto de compressores para servi\u00e7os pesados."}],"section_intro":"<p>O servi\u00e7o p\u00f3s-venda da Sanden fornece compressores para ar condicionado de alta qualidade e fiabilidade para ve\u00edculos de passageiros, ve\u00edculos comerciais ligeiros, ve\u00edculos fora de estrada e cami\u00f5es, autocarros e outras aplica\u00e7\u00f5es. Uma ampla gama de configura\u00e7\u00f5es de compressores e tecnologias de compress\u00e3o tornam a Sanden numa marca de confian\u00e7a para as suas necessidades de refrigera\u00e7\u00e3o.<\/p>\n","section_strapline":""},"yoast_head":"<!-- This site is optimized with the Yoast SEO plugin v27.4 - https:\/\/yoast.com\/product\/yoast-seo-wordpress\/ -->\n<title>Sanden - Os nossos produtos<\/title>\n<meta name=\"robots\" content=\"index, follow, max-snippet:-1, max-image-preview:large, max-video-preview:-1\" \/>\n<link rel=\"canonical\" href=\"https:\/\/sandenaftermarket.com\/pt-pt\/our-products\/\" \/>\n<meta property=\"og:locale\" content=\"pt_PT\" \/>\n<meta property=\"og:type\" content=\"article\" \/>\n<meta property=\"og:title\" content=\"Sanden - Os nossos produtos\" \/>\n<meta property=\"og:url\" content=\"https:\/\/sandenaftermarket.com\/pt-pt\/our-products\/\" \/>\n<meta property=\"og:site_name\" content=\"Sanden\" \/>\n<meta property=\"article:modified_time\" content=\"2019-02-18T11:48:32+00:00\" \/>\n<meta name=\"twitter:card\" content=\"summary_large_image\" \/>\n<!-- \/ Yoast SEO plugin. -->","yoast_head_json":{"title":"Sanden - Os nossos produtos","robots":{"index":"index","follow":"follow","max-snippet":"max-snippet:-1","max-image-preview":"max-image-preview:large","max-video-preview":"max-video-preview:-1"},"canonical":"https:\/\/sandenaftermarket.com\/pt-pt\/our-products\/","og_locale":"pt_PT","og_type":"article","og_title":"Sanden - Os nossos produtos","og_url":"https:\/\/sandenaftermarket.com\/pt-pt\/our-products\/","og_site_name":"Sanden","article_modified_time":"2019-02-18T11:48:32+00:00","twitter_card":"summary_large_image","schema":{"@context":"https:\/\/schema.org","@graph":[{"@type":"WebPage","@id":"https:\/\/sandenaftermarket.com\/pt-pt\/our-products\/","url":"https:\/\/sandenaftermarket.com\/pt-pt\/our-products\/","name":"Sanden - Os nossos produtos","isPartOf":{"@id":"https:\/\/sandenaftermarket.com\/#website"},"datePublished":"2018-05-14T10:41:21+00:00","dateModified":"2019-02-18T11:48:32+00:00","breadcrumb":{"@id":"https:\/\/sandenaftermarket.com\/pt-pt\/our-products\/#breadcrumb"},"inLanguage":"pt-PT","potentialAction":[{"@type":"ReadAction","target":["https:\/\/sandenaftermarket.com\/pt-pt\/our-products\/"]}]},{"@type":"BreadcrumbList","@id":"https:\/\/sandenaftermarket.com\/pt-pt\/our-products\/#breadcrumb","itemListElement":[{"@type":"ListItem","position":1,"name":"Home","item":"https:\/\/sandenaftermarket.com\/pt-pt\/"},{"@type":"ListItem","position":2,"name":"Os nossos produtos"}]},{"@type":"WebSite","@id":"https:\/\/sandenaftermarket.com\/#website","url":"https:\/\/sandenaftermarket.com\/","name":"Sanden","description":"","potentialAction":[{"@type":"SearchAction","target":{"@type":"EntryPoint","urlTemplate":"https:\/\/sandenaftermarket.com\/?s={search_term_string}"},"query-input":{"@type":"PropertyValueSpecification","valueRequired":true,"valueName":"search_term_string"}}],"inLanguage":"pt-PT"}]}},"_links":{"self":[{"href":"https:\/\/sandenaftermarket.com\/pt-pt\/wp-json\/wp\/v2\/pages\/4592","targetHints":{"allow":["GET"]}}],"collection":[{"href":"https:\/\/sandenaftermarket.com\/pt-pt\/wp-json\/wp\/v2\/pages"}],"about":[{"href":"https:\/\/sandenaftermarket.com\/pt-pt\/wp-json\/wp\/v2\/types\/page"}],"author":[{"embeddable":true,"href":"https:\/\/sandenaftermarket.com\/pt-pt\/wp-json\/wp\/v2\/users\/3"}],"replies":[{"embeddable":true,"href":"https:\/\/sandenaftermarket.com\/pt-pt\/wp-json\/wp\/v2\/comments?post=4592"}],"version-history":[{"count":0,"href":"https:\/\/sandenaftermarket.com\/pt-pt\/wp-json\/wp\/v2\/pages\/4592\/revisions"}],"wp:attachment":[{"href":"https:\/\/sandenaftermarket.com\/pt-pt\/wp-json\/wp\/v2\/media?parent=4592"}],"curies":[{"name":"wp","href":"https:\/\/api.w.org\/{rel}","templated":true}]}}