{"id":4551,"date":"2018-05-09T11:56:39","date_gmt":"2018-05-09T10:56:39","guid":{"rendered":"https:\/\/sanden.wpengine.com\/client-area\/"},"modified":"2019-03-19T10:20:20","modified_gmt":"2019-03-19T10:20:20","slug":"client-area","status":"publish","type":"page","link":"https:\/\/sandenaftermarket.com\/pt-pt\/client-area\/","title":{"rendered":"\u00c1rea de log in do cliente"},"content":{"rendered":"","protected":false},"excerpt":{"rendered":"","protected":false},"author":3,"featured_media":0,"parent":0,"menu_order":0,"comment_status":"closed","ping_status":"closed","template":"php\/client-area.php","meta":{"_acf_changed":false,"footnotes":""},"class_list":["post-4551","page","type-page","status-publish","hentry"],"acf":{"section_title":"\u00c1rea de log in do cliente","section_strapline":"","section_intro":"<p>Bem-vindo \u00e0 \u00c1rea do Cliente do mercado p\u00f3s-venda da Sanden. Aqui pode aceder aos cat\u00e1logos de produtos OEM e AFM, a desenhos t\u00e9cnicos AFM e folhetos de produtos, a informa\u00e7\u00e3o sobre pre\u00e7os e \u00e0s certifica\u00e7\u00f5es oficiais da Sanden.<\/p>\n","section_body":""},"yoast_head":"<!-- This site is optimized with the Yoast SEO plugin v26.7 - https:\/\/yoast.com\/wordpress\/plugins\/seo\/ -->\n<title>Client Area &gt; Sanden Aftermarket client area<\/title>\n<meta name=\"robots\" content=\"index, follow, max-snippet:-1, max-image-preview:large, max-video-preview:-1\" \/>\n<link rel=\"canonical\" href=\"https:\/\/sandenaftermarket.com\/pt-pt\/client-area\/\" \/>\n<meta property=\"og:locale\" content=\"pt_PT\" \/>\n<meta property=\"og:type\" content=\"article\" \/>\n<meta property=\"og:title\" content=\"Client Area &gt; Sanden Aftermarket client area\" \/>\n<meta property=\"og:url\" content=\"https:\/\/sandenaftermarket.com\/pt-pt\/client-area\/\" \/>\n<meta property=\"og:site_name\" content=\"Sanden\" \/>\n<meta property=\"article:modified_time\" content=\"2019-03-19T10:20:20+00:00\" \/>\n<meta name=\"twitter:card\" content=\"summary_large_image\" \/>\n<!-- \/ Yoast SEO plugin. -->","yoast_head_json":{"title":"Client Area > Sanden Aftermarket client area","robots":{"index":"index","follow":"follow","max-snippet":"max-snippet:-1","max-image-preview":"max-image-preview:large","max-video-preview":"max-video-preview:-1"},"canonical":"https:\/\/sandenaftermarket.com\/pt-pt\/client-area\/","og_locale":"pt_PT","og_type":"article","og_title":"Client Area > Sanden Aftermarket client area","og_url":"https:\/\/sandenaftermarket.com\/pt-pt\/client-area\/","og_site_name":"Sanden","article_modified_time":"2019-03-19T10:20:20+00:00","twitter_card":"summary_large_image","schema":{"@context":"https:\/\/schema.org","@graph":[{"@type":"WebPage","@id":"https:\/\/sandenaftermarket.com\/pt-pt\/client-area\/","url":"https:\/\/sandenaftermarket.com\/pt-pt\/client-area\/","name":"Client Area > Sanden Aftermarket client area","isPartOf":{"@id":"https:\/\/sandenaftermarket.com\/#website"},"datePublished":"2018-05-09T10:56:39+00:00","dateModified":"2019-03-19T10:20:20+00:00","breadcrumb":{"@id":"https:\/\/sandenaftermarket.com\/pt-pt\/client-area\/#breadcrumb"},"inLanguage":"pt-PT","potentialAction":[{"@type":"ReadAction","target":["https:\/\/sandenaftermarket.com\/pt-pt\/client-area\/"]}]},{"@type":"BreadcrumbList","@id":"https:\/\/sandenaftermarket.com\/pt-pt\/client-area\/#breadcrumb","itemListElement":[{"@type":"ListItem","position":1,"name":"Home","item":"https:\/\/sandenaftermarket.com\/pt-pt\/"},{"@type":"ListItem","position":2,"name":"\u00c1rea de log in do cliente"}]},{"@type":"WebSite","@id":"https:\/\/sandenaftermarket.com\/#website","url":"https:\/\/sandenaftermarket.com\/","name":"Sanden","description":"","potentialAction":[{"@type":"SearchAction","target":{"@type":"EntryPoint","urlTemplate":"https:\/\/sandenaftermarket.com\/?s={search_term_string}"},"query-input":{"@type":"PropertyValueSpecification","valueRequired":true,"valueName":"search_term_string"}}],"inLanguage":"pt-PT"}]}},"_links":{"self":[{"href":"https:\/\/sandenaftermarket.com\/pt-pt\/wp-json\/wp\/v2\/pages\/4551","targetHints":{"allow":["GET"]}}],"collection":[{"href":"https:\/\/sandenaftermarket.com\/pt-pt\/wp-json\/wp\/v2\/pages"}],"about":[{"href":"https:\/\/sandenaftermarket.com\/pt-pt\/wp-json\/wp\/v2\/types\/page"}],"author":[{"embeddable":true,"href":"https:\/\/sandenaftermarket.com\/pt-pt\/wp-json\/wp\/v2\/users\/3"}],"replies":[{"embeddable":true,"href":"https:\/\/sandenaftermarket.com\/pt-pt\/wp-json\/wp\/v2\/comments?post=4551"}],"version-history":[{"count":0,"href":"https:\/\/sandenaftermarket.com\/pt-pt\/wp-json\/wp\/v2\/pages\/4551\/revisions"}],"wp:attachment":[{"href":"https:\/\/sandenaftermarket.com\/pt-pt\/wp-json\/wp\/v2\/media?parent=4551"}],"curies":[{"name":"wp","href":"https:\/\/api.w.org\/{rel}","templated":true}]}}