{"id":4616,"date":"2018-06-04T14:55:17","date_gmt":"2018-06-04T13:55:17","guid":{"rendered":"https:\/\/sanden.wpengine.com\/our-products\/heavy-duty\/"},"modified":"2019-03-19T14:47:51","modified_gmt":"2019-03-19T14:47:51","slug":"heavy-duty","status":"publish","type":"page","link":"https:\/\/sandenaftermarket.com\/es\/our-products\/heavy-duty\/","title":{"rendered":"Uso intensivo"},"content":{"rendered":"","protected":false},"excerpt":{"rendered":"","protected":false},"author":3,"featured_media":0,"parent":4597,"menu_order":0,"comment_status":"closed","ping_status":"closed","template":"php\/product-group.php","meta":{"_acf_changed":false,"footnotes":""},"class_list":["post-4616","page","type-page","status-publish","hentry"],"acf":{"hero_image":1654,"section_title":"","section_body":"<p>Aprovechando su amplia experiencia en el sector mundial de los camiones pesados, Sanden desarroll\u00f3 los modelos de compresores SHD (Super Heavy Duty) y SSHD (Semi Super Heavy Duty) para su uso en los entornos m\u00e1s hostiles y adversos.<\/p>\n<p><strong>Mayor vida \u00fatil<\/strong><\/p>\n<p>Los modelos de altas prestaciones de Sanden cuentan con componentes espec\u00edficos con una elevada resistencia al desgaste para prolongar su vida \u00fatil sin poner en riesgo el rendimiento de refrigeraci\u00f3n.<\/p>\n<p><strong>Cuerpo del compresor compacto<\/strong><\/p>\n<p>Los modelos de uso superintensivo (SHD) y semi-superintensivo (SSHD) comparten el mismo cuerpo exterior del compresor y las mismas configuraciones de montaje que el popular modelo SD7H15, lo que hace que los modelos de uso intensivo de Sanden sean la opci\u00f3n ideal para lograr una tranquilidad absoluta.<\/p>\n<p><strong>Mantenimiento m\u00ednimo<\/strong><\/p>\n<p>Si se siguen las pr\u00e1cticas recomendadas de Sanden para el mantenimiento de los sistemas, su compresor Sanden seguir\u00e1 funcionando a un nivel \u00f3ptimo durante muchos a\u00f1os.<\/p>\n","product_types":[{"product_title":"SHD","product_models":false},{"product_title":"SSHD","product_models":false}],"section_intro":"<p>Compresores originales de uso intensivo para su uso en entornos extremos y adversos, dise\u00f1ados para satisfacer las especificaciones m\u00e1s exigentes.<\/p>\n","product_image":3544,"section_strapline":"","product_document":4687},"yoast_head":"<!-- This site is optimized with the Yoast SEO plugin v27.5 - https:\/\/yoast.com\/product\/yoast-seo-wordpress\/ -->\n<title>Sanden - Uso intensivo<\/title>\n<meta name=\"robots\" content=\"index, follow, max-snippet:-1, max-image-preview:large, max-video-preview:-1\" \/>\n<link rel=\"canonical\" href=\"https:\/\/sandenaftermarket.com\/es\/our-products\/heavy-duty\/\" \/>\n<meta property=\"og:locale\" content=\"es_ES\" \/>\n<meta property=\"og:type\" content=\"article\" \/>\n<meta property=\"og:title\" content=\"Sanden - Uso intensivo\" \/>\n<meta property=\"og:url\" content=\"https:\/\/sandenaftermarket.com\/es\/our-products\/heavy-duty\/\" \/>\n<meta property=\"og:site_name\" content=\"Sanden\" \/>\n<meta property=\"article:modified_time\" content=\"2019-03-19T14:47:51+00:00\" \/>\n<meta name=\"twitter:card\" content=\"summary_large_image\" \/>\n<!-- \/ Yoast SEO plugin. -->","yoast_head_json":{"title":"Sanden - Uso intensivo","robots":{"index":"index","follow":"follow","max-snippet":"max-snippet:-1","max-image-preview":"max-image-preview:large","max-video-preview":"max-video-preview:-1"},"canonical":"https:\/\/sandenaftermarket.com\/es\/our-products\/heavy-duty\/","og_locale":"es_ES","og_type":"article","og_title":"Sanden - Uso intensivo","og_url":"https:\/\/sandenaftermarket.com\/es\/our-products\/heavy-duty\/","og_site_name":"Sanden","article_modified_time":"2019-03-19T14:47:51+00:00","twitter_card":"summary_large_image","schema":{"@context":"https:\/\/schema.org","@graph":[{"@type":"WebPage","@id":"https:\/\/sandenaftermarket.com\/es\/our-products\/heavy-duty\/","url":"https:\/\/sandenaftermarket.com\/es\/our-products\/heavy-duty\/","name":"Sanden - Uso intensivo","isPartOf":{"@id":"https:\/\/sandenaftermarket.com\/#website"},"datePublished":"2018-06-04T13:55:17+00:00","dateModified":"2019-03-19T14:47:51+00:00","breadcrumb":{"@id":"https:\/\/sandenaftermarket.com\/es\/our-products\/heavy-duty\/#breadcrumb"},"inLanguage":"es","potentialAction":[{"@type":"ReadAction","target":["https:\/\/sandenaftermarket.com\/es\/our-products\/heavy-duty\/"]}]},{"@type":"BreadcrumbList","@id":"https:\/\/sandenaftermarket.com\/es\/our-products\/heavy-duty\/#breadcrumb","itemListElement":[{"@type":"ListItem","position":1,"name":"Home","item":"https:\/\/sandenaftermarket.com\/es\/"},{"@type":"ListItem","position":2,"name":"Nuestros productos","item":"https:\/\/sandenaftermarket.com\/es\/our-products\/"},{"@type":"ListItem","position":3,"name":"Uso intensivo"}]},{"@type":"WebSite","@id":"https:\/\/sandenaftermarket.com\/#website","url":"https:\/\/sandenaftermarket.com\/","name":"Sanden","description":"","potentialAction":[{"@type":"SearchAction","target":{"@type":"EntryPoint","urlTemplate":"https:\/\/sandenaftermarket.com\/?s={search_term_string}"},"query-input":{"@type":"PropertyValueSpecification","valueRequired":true,"valueName":"search_term_string"}}],"inLanguage":"es"}]}},"_links":{"self":[{"href":"https:\/\/sandenaftermarket.com\/es\/wp-json\/wp\/v2\/pages\/4616","targetHints":{"allow":["GET"]}}],"collection":[{"href":"https:\/\/sandenaftermarket.com\/es\/wp-json\/wp\/v2\/pages"}],"about":[{"href":"https:\/\/sandenaftermarket.com\/es\/wp-json\/wp\/v2\/types\/page"}],"author":[{"embeddable":true,"href":"https:\/\/sandenaftermarket.com\/es\/wp-json\/wp\/v2\/users\/3"}],"replies":[{"embeddable":true,"href":"https:\/\/sandenaftermarket.com\/es\/wp-json\/wp\/v2\/comments?post=4616"}],"version-history":[{"count":0,"href":"https:\/\/sandenaftermarket.com\/es\/wp-json\/wp\/v2\/pages\/4616\/revisions"}],"up":[{"embeddable":true,"href":"https:\/\/sandenaftermarket.com\/es\/wp-json\/wp\/v2\/pages\/4597"}],"wp:attachment":[{"href":"https:\/\/sandenaftermarket.com\/es\/wp-json\/wp\/v2\/media?parent=4616"}],"curies":[{"name":"wp","href":"https:\/\/api.w.org\/{rel}","templated":true}]}}