{"id":4576,"date":"2017-11-16T14:47:09","date_gmt":"2017-11-16T14:47:09","guid":{"rendered":"https:\/\/sanden.wpengine.com\/sample-page\/"},"modified":"2019-10-04T13:52:40","modified_gmt":"2019-10-04T12:52:40","slug":"home","status":"publish","type":"page","link":"https:\/\/sandenaftermarket.com\/es\/","title":{"rendered":"Home"},"content":{"rendered":"","protected":false},"excerpt":{"rendered":"","protected":false},"author":1,"featured_media":0,"parent":0,"menu_order":0,"comment_status":"closed","ping_status":"open","template":"php\/home.php","meta":{"_acf_changed":false,"footnotes":""},"class_list":["post-4576","page","type-page","status-publish","hentry"],"acf":{"section_title":"Aire acondicionado eficiente para la pr\u00f3xima generaci\u00f3n","section_body":"","carousel_slides":[{"slide_image":1500,"slide_title":"Bienvenidos a Sanden ","slide_body":"<p>Sanden fue fundada en 1943 como fabricante de dinamos para bicicletas con una marca comercial distintiva en forma de b\u00faho.Sanden entr\u00f3 posteriormente en el mercado de los electrodom\u00e9sticos y, a continuaci\u00f3n empez\u00f3 a producir unidades de refrigeraci\u00f3n de uso comercial, preparando el camino para la entrada de Sanden en el sector de las m\u00e1quinas dispensadoras, y posteriormente en el suministro de compresores para sistemas de aire acondicionado para automoci\u00f3n.<\/p>\n","slide_button_link":"https:\/\/sandenaftermarket.com\/es\/about-sanden\/","slide_button_text":"M\u00e1s informaci\u00f3n","slide_control_text":"Bienvenidos"},{"slide_image":1507,"slide_title":"Actividad mundial ","slide_body":"<p>Actualmente, Sanden es un proveedor l\u00edder de primer nivel para la industria de la automoci\u00f3n, con una cuota de mercado del 40\u00a0%. Sanden Aftermarket ofrece una gama completa de compresores de recambio originales ya que es proveedor de los principales fabricantes de veh\u00edculos.\u00a0Sanden Aftermarket tambi\u00e9n ofrece componentes est\u00e1ndar de alta calidad para fabricantes de sistemas de A\/C, integradores y fabricantes de veh\u00edculos especializados.<\/p>\n","slide_button_link":"https:\/\/sandenaftermarket.com\/es\/our-products\/","slide_button_text":"Ver productos ","slide_control_text":"Actividad mundial"},{"slide_image":18051,"slide_title":"75 a\u00f1os de Sanden","slide_body":"<p>Sanden celebr\u00f3 sus 75 a\u00f1os como empresa en 2018, y hoy en d\u00eda cuenta con una presencia de alcance mundial con oficinas repartidas por todo el mundo. Con nuestros conocimientos sobre el sector y nuestra amplia experiencia empresarial, sabemos que nuestros clientes esperan un servicio de alta calidad, por lo que nos esforzamos al m\u00e1ximo en ofrec\u00e9rselo.<\/p>\n","slide_button_link":"https:\/\/sandenaftermarket.com\/es\/news-events\/","slide_button_text":"Learn more","slide_control_text":"75 a\u00f1os "},{"slide_image":1521,"slide_title":"Los coches del futuro ","slide_body":"<p>M\u00e1ximo confort para los coches del futuro.\u00a0Sanden utiliza estrategias innovadoras para asegurarse de que sus clientes puedan beneficiarse de las \u00faltimas tecnolog\u00edas. Con empleados apasionados e innovadores, y a trav\u00e9s de una marca reconocida en todo el mundo, Sanden mantiene el compromiso de ofrecer excelencia en todo momento a todos sus clientes. \u00a0<\/p>\n","slide_button_link":"https:\/\/sandenaftermarket.com\/es\/our-products\/ec-generic\/","slide_button_text":"M\u00e1s informaci\u00f3n","slide_control_text":"Los coches del futuro "},{"slide_image":20772,"slide_title":"Aftermarket","slide_body":"<p>Sanden Aftermarket ofrece una amplia gama de compresores originales, universales, para veh\u00edculos pesados y de mayores capacidades para un gran n\u00famero de aplicaciones, incluido su uso en entornos extremos y adversos. P\u00f3ngase en contacto con su equipo de Aftermarket rellenando el siguiente formulario.\u00a0Estaremos encantados de atenderle.<\/p>\n","slide_button_link":"https:\/\/sandenaftermarket.com\/es\/contact-us\/","slide_button_text":"Contacto","slide_control_text":"Aftermarket"}],"card_builder":[{"card_link":{"ID":4534,"post_author":"3","post_date":"2018-05-08 17:19:07","post_date_gmt":"2018-05-08 16:19:07","post_content":"","post_title":"Acerca de Sanden","post_excerpt":"","post_status":"publish","comment_status":"closed","ping_status":"closed","post_password":"","post_name":"about-sanden","to_ping":"","pinged":"","post_modified":"2019-02-20 15:09:25","post_modified_gmt":"2019-02-20 15:09:25","post_content_filtered":"","post_parent":0,"guid":"https:\/\/sanden.wpengine.com\/about-sanden\/","menu_order":0,"post_type":"page","post_mime_type":"","comment_count":"0","filter":"raw"},"card_excerpt":"Fundada en 1943, Sanden es ahora un l\u00edder del mercado en el suministro de compresores de aire acondicionado para la industria automotriz."},{"card_link":{"ID":4597,"post_author":"3","post_date":"2018-05-14 11:41:21","post_date_gmt":"2018-05-14 10:41:21","post_content":"","post_title":"Nuestros productos","post_excerpt":"","post_status":"publish","comment_status":"closed","ping_status":"closed","post_password":"","post_name":"our-products","to_ping":"","pinged":"","post_modified":"2019-02-21 15:29:43","post_modified_gmt":"2019-02-21 15:29:43","post_content_filtered":"","post_parent":0,"guid":"https:\/\/sanden.wpengine.com\/our-products\/","menu_order":0,"post_type":"page","post_mime_type":"","comment_count":"0","filter":"raw"},"card_excerpt":"Sanden suministra compresores originales de alta calidad a los principales clientes fabricantes de veh\u00edculos, as\u00ed como compresores universales originales para su uso en el mercado de accesorios y repu"},{"card_link":{"ID":4586,"post_author":"3","post_date":"2018-05-09 17:38:08","post_date_gmt":"2018-05-09 16:38:08","post_content":"","post_title":"Noticias y eventos","post_excerpt":"","post_status":"publish","comment_status":"closed","ping_status":"closed","post_password":"","post_name":"news-events","to_ping":"","pinged":"","post_modified":"2019-02-21 14:42:27","post_modified_gmt":"2019-02-21 14:42:27","post_content_filtered":"","post_parent":0,"guid":"https:\/\/sanden.wpengine.com\/news-events\/","menu_order":0,"post_type":"page","post_mime_type":"","comment_count":"0","filter":"raw"},"card_excerpt":"Sanden exhibe en las mayores ferias mundiales del sector de la automoci\u00f3n. Mant\u00e9ngase al d\u00eda visitando regularmente esta p\u00e1gina para ver las ferias en las que Sanden tiene prevista su asistencia."}],"section_intro":"","section_strapline":""},"yoast_head":"<!-- This site is optimized with the Yoast SEO plugin v27.4 - https:\/\/yoast.com\/product\/yoast-seo-wordpress\/ -->\n<title>Welcome to Sanden Aftermarket | Sanden<\/title>\n<meta name=\"robots\" content=\"index, follow, max-snippet:-1, max-image-preview:large, max-video-preview:-1\" \/>\n<link rel=\"canonical\" href=\"https:\/\/sandenaftermarket.com\/es\/\" \/>\n<meta property=\"og:locale\" content=\"es_ES\" \/>\n<meta property=\"og:type\" content=\"article\" \/>\n<meta property=\"og:title\" content=\"Welcome to Sanden Aftermarket | Sanden\" \/>\n<meta property=\"og:url\" content=\"https:\/\/sandenaftermarket.com\/es\/\" \/>\n<meta property=\"og:site_name\" content=\"Sanden\" \/>\n<meta property=\"article:modified_time\" content=\"2019-10-04T12:52:40+00:00\" \/>\n<meta name=\"twitter:card\" content=\"summary_large_image\" \/>\n<!-- \/ Yoast SEO plugin. -->","yoast_head_json":{"title":"Welcome to Sanden Aftermarket | Sanden","robots":{"index":"index","follow":"follow","max-snippet":"max-snippet:-1","max-image-preview":"max-image-preview:large","max-video-preview":"max-video-preview:-1"},"canonical":"https:\/\/sandenaftermarket.com\/es\/","og_locale":"es_ES","og_type":"article","og_title":"Welcome to Sanden Aftermarket | Sanden","og_url":"https:\/\/sandenaftermarket.com\/es\/","og_site_name":"Sanden","article_modified_time":"2019-10-04T12:52:40+00:00","twitter_card":"summary_large_image","schema":{"@context":"https:\/\/schema.org","@graph":[{"@type":"WebPage","@id":"https:\/\/sandenaftermarket.com\/es\/","url":"https:\/\/sandenaftermarket.com\/es\/","name":"Welcome to Sanden Aftermarket | Sanden","isPartOf":{"@id":"https:\/\/sandenaftermarket.com\/#website"},"datePublished":"2017-11-16T14:47:09+00:00","dateModified":"2019-10-04T12:52:40+00:00","breadcrumb":{"@id":"https:\/\/sandenaftermarket.com\/es\/#breadcrumb"},"inLanguage":"es","potentialAction":[{"@type":"ReadAction","target":["https:\/\/sandenaftermarket.com\/es\/"]}]},{"@type":"BreadcrumbList","@id":"https:\/\/sandenaftermarket.com\/es\/#breadcrumb","itemListElement":[{"@type":"ListItem","position":1,"name":"Home","item":"https:\/\/sandenaftermarket.com\/es\/"},{"@type":"ListItem","position":2,"name":"Home"}]},{"@type":"WebSite","@id":"https:\/\/sandenaftermarket.com\/#website","url":"https:\/\/sandenaftermarket.com\/","name":"Sanden","description":"","potentialAction":[{"@type":"SearchAction","target":{"@type":"EntryPoint","urlTemplate":"https:\/\/sandenaftermarket.com\/?s={search_term_string}"},"query-input":{"@type":"PropertyValueSpecification","valueRequired":true,"valueName":"search_term_string"}}],"inLanguage":"es"}]}},"_links":{"self":[{"href":"https:\/\/sandenaftermarket.com\/es\/wp-json\/wp\/v2\/pages\/4576","targetHints":{"allow":["GET"]}}],"collection":[{"href":"https:\/\/sandenaftermarket.com\/es\/wp-json\/wp\/v2\/pages"}],"about":[{"href":"https:\/\/sandenaftermarket.com\/es\/wp-json\/wp\/v2\/types\/page"}],"author":[{"embeddable":true,"href":"https:\/\/sandenaftermarket.com\/es\/wp-json\/wp\/v2\/users\/1"}],"replies":[{"embeddable":true,"href":"https:\/\/sandenaftermarket.com\/es\/wp-json\/wp\/v2\/comments?post=4576"}],"version-history":[{"count":0,"href":"https:\/\/sandenaftermarket.com\/es\/wp-json\/wp\/v2\/pages\/4576\/revisions"}],"wp:attachment":[{"href":"https:\/\/sandenaftermarket.com\/es\/wp-json\/wp\/v2\/media?parent=4576"}],"curies":[{"name":"wp","href":"https:\/\/api.w.org\/{rel}","templated":true}]}}