{"id":4612,"date":"2018-06-04T14:53:05","date_gmt":"2018-06-04T13:53:05","guid":{"rendered":"https:\/\/sanden.wpengine.com\/our-products\/universal\/"},"modified":"2019-07-24T15:16:20","modified_gmt":"2019-07-24T14:16:20","slug":"universal","status":"publish","type":"page","link":"https:\/\/sandenaftermarket.com\/de\/our-products\/universal\/","title":{"rendered":"Universalkompressoren"},"content":{"rendered":"","protected":false},"excerpt":{"rendered":"","protected":false},"author":3,"featured_media":0,"parent":4590,"menu_order":0,"comment_status":"closed","ping_status":"closed","template":"php\/product-group.php","meta":{"_acf_changed":false,"footnotes":""},"class_list":["post-4612","page","type-page","status-publish","hentry"],"acf":{"hero_image":1349,"section_title":"","section_body":"<p>Mit seinem umfangreichen Angebot an erschwinglichen, originalen Qualit\u00e4tsmodellen ist das Standard-Universal-Portfolio von Sanden das Produkt der Wahl f\u00fcr Anlagenhersteller und Nischen-OEMs.<\/p>\n<p><strong>Stark<\/strong><\/p>\n<p>Sanden universal compressors are the number 1 choice for fitment to vehicles operating in extreme working environments.<\/p>\n<p><strong>Flexibel<\/strong><\/p>\n<p>Durch eine gro\u00dfe Auswahl an Konfigurationen (Kupplung, Geh\u00e4usegr\u00f6\u00dfe und Zylinderkopf) gew\u00e4hrleistet Sanden eine perfekte, bedarfsgerechte Passform.<\/p>\n<p><strong>Langlebig<\/strong><\/p>\n<p>Mit mehr als 40 Jahren Erfahrung in der Fertigung von Produkten f\u00fcr raue und extreme Umgebungsbedingungen ist Sanden ein kompetenter Ansprechpartner, auf den Sie sich bei allen Ihren W\u00fcnschen verlassen k\u00f6nnen.<\/p>\n","product_types":[{"product_title":"SD5H","product_models":false},{"product_title":"SD7H","product_models":false},{"product_title":"SD5L","product_models":false},{"product_title":"SD7L","product_models":false},{"product_title":"SD5S","product_models":false},{"product_title":"TR","product_models":false}],"section_intro":"<p>Originale, vielseitig einsetzbare Kompressoren f\u00fcr den Gebrauch in Klimaanlagen, f\u00fcr die Systemintegration und f\u00fcr Nischen-OEMs des Anschlussmarktes.<\/p>\n","product_image":3533,"section_strapline":"","product_document":18148},"yoast_head":"<!-- This site is optimized with the Yoast SEO plugin v27.4 - https:\/\/yoast.com\/product\/yoast-seo-wordpress\/ -->\n<title>Sanden - Universalkompressoren<\/title>\n<meta name=\"robots\" content=\"index, follow, max-snippet:-1, max-image-preview:large, max-video-preview:-1\" \/>\n<link rel=\"canonical\" href=\"https:\/\/sandenaftermarket.com\/de\/our-products\/universal\/\" \/>\n<meta property=\"og:locale\" content=\"de_DE\" \/>\n<meta property=\"og:type\" content=\"article\" \/>\n<meta property=\"og:title\" content=\"Sanden - Universalkompressoren\" \/>\n<meta property=\"og:url\" content=\"https:\/\/sandenaftermarket.com\/de\/our-products\/universal\/\" \/>\n<meta property=\"og:site_name\" content=\"Sanden\" \/>\n<meta property=\"article:modified_time\" content=\"2019-07-24T14:16:20+00:00\" \/>\n<meta name=\"twitter:card\" content=\"summary_large_image\" \/>\n<!-- \/ Yoast SEO plugin. -->","yoast_head_json":{"title":"Sanden - Universalkompressoren","robots":{"index":"index","follow":"follow","max-snippet":"max-snippet:-1","max-image-preview":"max-image-preview:large","max-video-preview":"max-video-preview:-1"},"canonical":"https:\/\/sandenaftermarket.com\/de\/our-products\/universal\/","og_locale":"de_DE","og_type":"article","og_title":"Sanden - Universalkompressoren","og_url":"https:\/\/sandenaftermarket.com\/de\/our-products\/universal\/","og_site_name":"Sanden","article_modified_time":"2019-07-24T14:16:20+00:00","twitter_card":"summary_large_image","schema":{"@context":"https:\/\/schema.org","@graph":[{"@type":"WebPage","@id":"https:\/\/sandenaftermarket.com\/de\/our-products\/universal\/","url":"https:\/\/sandenaftermarket.com\/de\/our-products\/universal\/","name":"Sanden - Universalkompressoren","isPartOf":{"@id":"https:\/\/sandenaftermarket.com\/#website"},"datePublished":"2018-06-04T13:53:05+00:00","dateModified":"2019-07-24T14:16:20+00:00","breadcrumb":{"@id":"https:\/\/sandenaftermarket.com\/de\/our-products\/universal\/#breadcrumb"},"inLanguage":"de-DE","potentialAction":[{"@type":"ReadAction","target":["https:\/\/sandenaftermarket.com\/de\/our-products\/universal\/"]}]},{"@type":"BreadcrumbList","@id":"https:\/\/sandenaftermarket.com\/de\/our-products\/universal\/#breadcrumb","itemListElement":[{"@type":"ListItem","position":1,"name":"Home","item":"https:\/\/sandenaftermarket.com\/de\/"},{"@type":"ListItem","position":2,"name":"Unsere Produkte","item":"https:\/\/sandenaftermarket.com\/de\/our-products\/"},{"@type":"ListItem","position":3,"name":"Universalkompressoren"}]},{"@type":"WebSite","@id":"https:\/\/sandenaftermarket.com\/#website","url":"https:\/\/sandenaftermarket.com\/","name":"Sanden","description":"","potentialAction":[{"@type":"SearchAction","target":{"@type":"EntryPoint","urlTemplate":"https:\/\/sandenaftermarket.com\/?s={search_term_string}"},"query-input":{"@type":"PropertyValueSpecification","valueRequired":true,"valueName":"search_term_string"}}],"inLanguage":"de-DE"}]}},"_links":{"self":[{"href":"https:\/\/sandenaftermarket.com\/de\/wp-json\/wp\/v2\/pages\/4612","targetHints":{"allow":["GET"]}}],"collection":[{"href":"https:\/\/sandenaftermarket.com\/de\/wp-json\/wp\/v2\/pages"}],"about":[{"href":"https:\/\/sandenaftermarket.com\/de\/wp-json\/wp\/v2\/types\/page"}],"author":[{"embeddable":true,"href":"https:\/\/sandenaftermarket.com\/de\/wp-json\/wp\/v2\/users\/3"}],"replies":[{"embeddable":true,"href":"https:\/\/sandenaftermarket.com\/de\/wp-json\/wp\/v2\/comments?post=4612"}],"version-history":[{"count":0,"href":"https:\/\/sandenaftermarket.com\/de\/wp-json\/wp\/v2\/pages\/4612\/revisions"}],"up":[{"embeddable":true,"href":"https:\/\/sandenaftermarket.com\/de\/wp-json\/wp\/v2\/pages\/4590"}],"wp:attachment":[{"href":"https:\/\/sandenaftermarket.com\/de\/wp-json\/wp\/v2\/media?parent=4612"}],"curies":[{"name":"wp","href":"https:\/\/api.w.org\/{rel}","templated":true}]}}