{"id":4569,"date":"2017-11-16T14:47:09","date_gmt":"2017-11-16T14:47:09","guid":{"rendered":"https:\/\/sanden.wpengine.com\/sample-page\/"},"modified":"2019-10-04T13:50:35","modified_gmt":"2019-10-04T12:50:35","slug":"sample-page","status":"publish","type":"page","link":"https:\/\/sandenaftermarket.com\/de\/","title":{"rendered":"Startseite"},"content":{"rendered":"","protected":false},"excerpt":{"rendered":"","protected":false},"author":1,"featured_media":0,"parent":0,"menu_order":0,"comment_status":"closed","ping_status":"open","template":"php\/home.php","meta":{"_acf_changed":false,"footnotes":""},"class_list":["post-4569","page","type-page","status-publish","hentry"],"acf":{"section_title":"Effiziente Klimaanlage f\u00fcr die n\u00e4chste Generation","section_body":"","carousel_slides":[{"slide_image":1496,"slide_title":"Herzlich willkommen bei Sanden ","slide_body":"<p>1943 wurde Sanden als Fahrradlampenhersteller gegr\u00fcndet; eine Eule war sein unverwechselbares Markenzeichen. Sanden trat zun\u00e4chst in den Markt f\u00fcr elektrische Haushaltsger\u00e4te ein und begann dann mit der Herstellung von K\u00e4lteanlagen f\u00fcr den gesch\u00e4ftlichen Einsatz. Damit stellte das Unternehmen die Weichen f\u00fcr seine T\u00e4tigkeit als Hersteller von Verkaufsautomaten und sp\u00e4ter auch als Zulieferer von Klimaanlagenkompressoren f\u00fcr die Automobilbranche.<\/p>\n","slide_button_link":"https:\/\/sandenaftermarket.com\/de\/about-sanden\/","slide_button_text":"Mehr erfahren","slide_control_text":"Willkommen"},{"slide_image":1503,"slide_title":"Weltweit","slide_body":"<p>Heute ist Sanden mit einem Marktanteil von 40 % marktf\u00fchrender Tier-One-Lieferant f\u00fcr die Automobilindustrie. Sanden Aftermarket bietet ein komplettes Spektrum von OEM-Ersatzkompressoren und -Bauteilen, die auch gro\u00dfen OEM-Kunden geliefert werden. Dar\u00fcber hinaus bietet Sanden Aftermarket hochwertige Standardkomponenten f\u00fcr Klimaanlagenhersteller, Einbaubetriebe und Nischen-OEMs.<\/p>\n","slide_button_link":"https:\/\/sandenaftermarket.com\/de\/our-products\/","slide_button_text":"Produkte Anzeigen ","slide_control_text":"Weltweit"},{"slide_image":18047,"slide_title":"75 Jahre ","slide_body":"<p>Sanden feierte 2018 sein 75-j\u00e4hriges Firmenjubil\u00e4um; heute verf\u00fcgt das Unternehmen \u00fcber Vertretungen in der ganzen Welt. Wir wissen aus unserer langj\u00e4hrigen Gesch\u00e4ftserfahrung und Branchenkenntnis, dass unsere Kunden hohe Servicequalit\u00e4t erwarten und setzen alles daran, diese Erwartungen zu erf\u00fcllen.<\/p>\n","slide_button_link":"https:\/\/sandenaftermarket.com\/de\/news-events\/","slide_button_text":"Mehr erfahren","slide_control_text":"75 Jahre "},{"slide_image":1517,"slide_title":"Autos der Zukunft","slide_body":"<p>Moderner Komfort f\u00fcr moderne Fahrzeuge.\u00a0Sanden verfolgt innovative Ans\u00e4tze, die gew\u00e4hrleisten, dass der Kunde von neuesten Technologien profitiert.\u00a0Das Unternehmen hat sich dem Anspruch verpflichtet, mit passionierten, zukunftsorientierten Mitarbeitern und einer weltbekannten Marke jedem Kunden stets einen erstklassigen Service zu bieten.<\/p>\n","slide_button_link":"https:\/\/sandenaftermarket.com\/de\/our-products\/ec-generic\/","slide_button_text":"Mehr erfahren","slide_control_text":"Autos der Zukunft "},{"slide_image":20769,"slide_title":"Aftermarket","slide_body":"<p>Sanden Aftermarket bietet ein breites Spektrum von originalen universell einsetzbaren Kompressoren, Schwerlastkompressoren und Kompressoren mit h\u00f6herer Kapazit\u00e4t f\u00fcr eine Reihe von Anwendungsgebieten, einschlie\u00dflich rauer und extremer Umgebungsbedingungen. Kontaktieren Sie Ihr Aftermarket-Team, indem Sie das unten stehende Formular ausf\u00fcllen. Wir freuen uns auf Ihre Kontaktaufnahme.<\/p>\n","slide_button_link":"https:\/\/sandenaftermarket.com\/de\/contact-us\/","slide_button_text":"Kontaktieren Sie uns ","slide_control_text":"Aftermarket"}],"card_builder":[{"card_link":{"ID":4528,"post_author":"3","post_date":"2018-05-08 17:19:07","post_date_gmt":"2018-05-08 16:19:07","post_content":"","post_title":"\u00dcber Sanden","post_excerpt":"","post_status":"publish","comment_status":"closed","ping_status":"closed","post_password":"","post_name":"about-sanden","to_ping":"","pinged":"","post_modified":"2019-02-13 15:39:11","post_modified_gmt":"2019-02-13 15:39:11","post_content_filtered":"","post_parent":0,"guid":"https:\/\/sanden.wpengine.com\/about-sanden\/","menu_order":0,"post_type":"page","post_mime_type":"","comment_count":"0","filter":"raw"},"card_excerpt":"Sanden wurde 1943 gegr\u00fcndet und ist heute Marktf\u00fchrer bei der Lieferung von Klimakompressoren f\u00fcr die Automobilindustrie."},{"card_link":{"ID":4590,"post_author":"3","post_date":"2018-05-14 11:41:21","post_date_gmt":"2018-05-14 10:41:21","post_content":"","post_title":"Unsere Produkte","post_excerpt":"","post_status":"publish","comment_status":"closed","ping_status":"closed","post_password":"","post_name":"our-products","to_ping":"","pinged":"","post_modified":"2019-03-19 09:54:15","post_modified_gmt":"2019-03-19 09:54:15","post_content_filtered":"","post_parent":0,"guid":"https:\/\/sanden.wpengine.com\/our-products\/","menu_order":0,"post_type":"page","post_mime_type":"","comment_count":"0","filter":"raw"},"card_excerpt":"Sanden liefert hochwertige Original-Kompressoren f\u00fcr gro\u00dfe OEM-Kunden und originale Universal-Kompressoren f\u00fcr den Anschlussmarkt."},{"card_link":{"ID":4580,"post_author":"3","post_date":"2018-05-09 17:38:08","post_date_gmt":"2018-05-09 16:38:08","post_content":"","post_title":"Nachrichten","post_excerpt":"","post_status":"publish","comment_status":"closed","ping_status":"closed","post_password":"","post_name":"news-events","to_ping":"","pinged":"","post_modified":"2019-03-19 17:06:30","post_modified_gmt":"2019-03-19 17:06:30","post_content_filtered":"","post_parent":0,"guid":"https:\/\/sanden.wpengine.com\/news-events\/","menu_order":0,"post_type":"page","post_mime_type":"","comment_count":"0","filter":"raw"},"card_excerpt":"Sanden ist auf vielen internationalen Leitmessen der Automobilbranche als Aussteller pr\u00e4sent. "}],"section_intro":"","section_strapline":""},"yoast_head":"<!-- This site is optimized with the Yoast SEO plugin v27.5 - https:\/\/yoast.com\/product\/yoast-seo-wordpress\/ -->\n<title>Welcome to Sanden Aftermarket | Sanden<\/title>\n<meta name=\"robots\" content=\"index, follow, max-snippet:-1, max-image-preview:large, max-video-preview:-1\" \/>\n<link rel=\"canonical\" href=\"https:\/\/sandenaftermarket.com\/de\/\" \/>\n<meta property=\"og:locale\" content=\"de_DE\" \/>\n<meta property=\"og:type\" content=\"article\" \/>\n<meta property=\"og:title\" content=\"Welcome to Sanden Aftermarket | Sanden\" \/>\n<meta property=\"og:url\" content=\"https:\/\/sandenaftermarket.com\/de\/\" \/>\n<meta property=\"og:site_name\" content=\"Sanden\" \/>\n<meta property=\"article:modified_time\" content=\"2019-10-04T12:50:35+00:00\" \/>\n<meta name=\"twitter:card\" content=\"summary_large_image\" \/>\n<!-- \/ Yoast SEO plugin. -->","yoast_head_json":{"title":"Welcome to Sanden Aftermarket | Sanden","robots":{"index":"index","follow":"follow","max-snippet":"max-snippet:-1","max-image-preview":"max-image-preview:large","max-video-preview":"max-video-preview:-1"},"canonical":"https:\/\/sandenaftermarket.com\/de\/","og_locale":"de_DE","og_type":"article","og_title":"Welcome to Sanden Aftermarket | Sanden","og_url":"https:\/\/sandenaftermarket.com\/de\/","og_site_name":"Sanden","article_modified_time":"2019-10-04T12:50:35+00:00","twitter_card":"summary_large_image","schema":{"@context":"https:\/\/schema.org","@graph":[{"@type":"WebPage","@id":"https:\/\/sandenaftermarket.com\/de\/","url":"https:\/\/sandenaftermarket.com\/de\/","name":"Welcome to Sanden Aftermarket | Sanden","isPartOf":{"@id":"https:\/\/sandenaftermarket.com\/#website"},"datePublished":"2017-11-16T14:47:09+00:00","dateModified":"2019-10-04T12:50:35+00:00","breadcrumb":{"@id":"https:\/\/sandenaftermarket.com\/de\/#breadcrumb"},"inLanguage":"de-DE","potentialAction":[{"@type":"ReadAction","target":["https:\/\/sandenaftermarket.com\/de\/"]}]},{"@type":"BreadcrumbList","@id":"https:\/\/sandenaftermarket.com\/de\/#breadcrumb","itemListElement":[{"@type":"ListItem","position":1,"name":"Home","item":"https:\/\/sandenaftermarket.com\/de\/"},{"@type":"ListItem","position":2,"name":"Startseite"}]},{"@type":"WebSite","@id":"https:\/\/sandenaftermarket.com\/#website","url":"https:\/\/sandenaftermarket.com\/","name":"Sanden","description":"","potentialAction":[{"@type":"SearchAction","target":{"@type":"EntryPoint","urlTemplate":"https:\/\/sandenaftermarket.com\/?s={search_term_string}"},"query-input":{"@type":"PropertyValueSpecification","valueRequired":true,"valueName":"search_term_string"}}],"inLanguage":"de-DE"}]}},"_links":{"self":[{"href":"https:\/\/sandenaftermarket.com\/de\/wp-json\/wp\/v2\/pages\/4569","targetHints":{"allow":["GET"]}}],"collection":[{"href":"https:\/\/sandenaftermarket.com\/de\/wp-json\/wp\/v2\/pages"}],"about":[{"href":"https:\/\/sandenaftermarket.com\/de\/wp-json\/wp\/v2\/types\/page"}],"author":[{"embeddable":true,"href":"https:\/\/sandenaftermarket.com\/de\/wp-json\/wp\/v2\/users\/1"}],"replies":[{"embeddable":true,"href":"https:\/\/sandenaftermarket.com\/de\/wp-json\/wp\/v2\/comments?post=4569"}],"version-history":[{"count":0,"href":"https:\/\/sandenaftermarket.com\/de\/wp-json\/wp\/v2\/pages\/4569\/revisions"}],"wp:attachment":[{"href":"https:\/\/sandenaftermarket.com\/de\/wp-json\/wp\/v2\/media?parent=4569"}],"curies":[{"name":"wp","href":"https:\/\/api.w.org\/{rel}","templated":true}]}}